{"id":5981,"date":"2024-08-12T10:26:55","date_gmt":"2024-08-12T08:26:55","guid":{"rendered":"https:\/\/suisse-fibromyalgie.ch\/?page_id=5981"},"modified":"2024-09-30T16:44:13","modified_gmt":"2024-09-30T14:44:13","slug":"janick-biselx-menetrey-coaching-mediation-familiale","status":"publish","type":"page","link":"http:\/\/suisse-fibromyalgie.ch\/de\/janick-biselx-menetrey-coaching-mediation-familiale\/","title":{"rendered":"Biselx-Men\u00e9trey Janick - Coaching &amp; Familienmediation"},"content":{"rendered":"<div data-elementor-type=\"wp-page\" data-elementor-id=\"5981\" class=\"elementor elementor-5981\" data-elementor-post-type=\"page\">\n\t\t\t\t\t\t<section class=\"elementor-section elementor-top-section elementor-element elementor-element-58cc164 elementor-section-boxed elementor-section-height-default elementor-section-height-default\" data-id=\"58cc164\" data-element_type=\"section\" data-e-type=\"section\">\n\t\t\t\t\t\t<div class=\"elementor-container elementor-column-gap-default\">\n\t\t\t\t\t<div class=\"elementor-column elementor-col-50 elementor-top-column elementor-element elementor-element-525118e\" data-id=\"525118e\" data-element_type=\"column\" data-e-type=\"column\">\n\t\t\t<div class=\"elementor-widget-wrap elementor-element-populated\">\n\t\t\t\t\t\t<div class=\"elementor-element elementor-element-31dba71 elementor-widget elementor-widget-image\" data-id=\"31dba71\" data-element_type=\"widget\" data-e-type=\"widget\" data-widget_type=\"image.default\">\n\t\t\t\t<div class=\"elementor-widget-container\">\n\t\t\t\t\t\t\t\t\t\t\t\t\t\t\t<img fetchpriority=\"high\" decoding=\"async\" width=\"183\" height=\"276\" src=\"https:\/\/suisse-fibromyalgie.ch\/wp-content\/uploads\/Janick-Biselx-Menetrey.jpg\" class=\"attachment-2048x2048 size-2048x2048 wp-image-6450\" alt=\"\" srcset=\"https:\/\/suisse-fibromyalgie.ch\/wp-content\/uploads\/Janick-Biselx-Menetrey.jpg 183w, https:\/\/suisse-fibromyalgie.ch\/wp-content\/uploads\/Janick-Biselx-Menetrey-8x12.jpg 8w\" sizes=\"(max-width: 183px) 100vw, 183px\" \/>\t\t\t\t\t\t\t\t\t\t\t\t\t\t\t<\/div>\n\t\t\t\t<\/div>\n\t\t\t\t\t<\/div>\n\t\t<\/div>\n\t\t\t\t<div class=\"elementor-column elementor-col-50 elementor-top-column elementor-element elementor-element-85a6aef\" data-id=\"85a6aef\" data-element_type=\"column\" data-e-type=\"column\">\n\t\t\t<div class=\"elementor-widget-wrap elementor-element-populated\">\n\t\t\t\t\t\t<div class=\"elementor-element elementor-element-d6a6255 elementor-widget elementor-widget-text-editor\" data-id=\"d6a6255\" data-element_type=\"widget\" data-e-type=\"widget\" data-widget_type=\"text-editor.default\">\n\t\t\t\t<div class=\"elementor-widget-container\">\n\t\t\t\t\t\t\t\t\t<div class=\"image-title-wrapper\"><div class=\"image-title sqs-dynamic-text\" data-width-percentage=\"37.1\"><h3>Biselx-Men\u00e9trey Janick<\/h3><\/div><\/div><div class=\"image-subtitle-wrapper\"><div class=\"image-subtitle sqs-dynamic-text\" data-width-percentage=\"37.1\"><p class=\"\">Seit 2003 im Dienste des Menschen, Diplom in Familienmediation HES-SO (2013). Sie ist in verschiedenen Ans\u00e4tzen zertifiziert, die mit Kommunikation, Coaching, pers\u00f6nlicher und spiritueller Entwicklung sowie mit dem Bereich der Energien und der Harmonisierung von Orten zu tun haben.<\/p><p class=\"\">Seit sehr jungen Jahren haben die Wechself\u00e4lle des Lebens sie dazu gebracht, weiterzumachen. Diese Erfahrungen erweisen sich heute als wertvoll. Die Schwierigkeiten haben sich in Wissen und Bewusstsein verwandelt. Heute sind sie f\u00fcr sie zu Sprungbrettern geworden. Ihre Wurzeln sind gewachsen, ihre Fl\u00fcgel haben sich ausgebreitet und schlie\u00dflich ist die Dankbarkeit aus ihrem Herzen aufgetaucht.<\/p><blockquote><p class=\"sqsrte-small\">\"Liebe ist das, womit wir geboren wurden. Angst ist das, was wir gelernt haben. Der spirituelle Weg besteht darin, die Angst zu verlernen und die R\u00fcckkehr der Liebe in unsere Herzen zu akzeptieren.\"<\/p><p class=\"sqsrte-small\">Marianne Williamson<\/p><\/blockquote><p class=\"\">Sie st\u00fctzt sich auf die Pr\u00e4senz, um Sie dabei zu begleiten, sich wieder in Ihre vertikale Achse zu bringen. So voll pr\u00e4sent, kann die Bewegung des Lebens ihre Arbeit tun und Ihnen erm\u00f6glichen, bewusst voranzukommen. Ihr Motto: \"Aus jeder Situation, die das Leben uns bietet, gest\u00e4rkt hervorgehen\".<\/p><\/div><\/div>\t\t\t\t\t\t\t\t<\/div>\n\t\t\t\t<\/div>\n\t\t\t\t\t<\/div>\n\t\t<\/div>\n\t\t\t\t\t<\/div>\n\t\t<\/section>\n\t\t\t\t<section class=\"elementor-section elementor-top-section elementor-element elementor-element-085dee4 elementor-section-boxed elementor-section-height-default elementor-section-height-default\" data-id=\"085dee4\" data-element_type=\"section\" data-e-type=\"section\">\n\t\t\t\t\t\t<div class=\"elementor-container elementor-column-gap-default\">\n\t\t\t\t\t<div class=\"elementor-column elementor-col-50 elementor-top-column elementor-element elementor-element-fd354a9\" data-id=\"fd354a9\" data-element_type=\"column\" data-e-type=\"column\">\n\t\t\t<div class=\"elementor-widget-wrap elementor-element-populated\">\n\t\t\t\t\t\t<div class=\"elementor-element elementor-element-056f65c elementor-widget elementor-widget-text-editor\" data-id=\"056f65c\" data-element_type=\"widget\" data-e-type=\"widget\" data-widget_type=\"text-editor.default\">\n\t\t\t\t<div class=\"elementor-widget-container\">\n\t\t\t\t\t\t\t\t\t<p style=\"text-align: right;\"><strong>Coaching &amp; Familienmediation<\/strong><\/p>\t\t\t\t\t\t\t\t<\/div>\n\t\t\t\t<\/div>\n\t\t\t\t\t<\/div>\n\t\t<\/div>\n\t\t\t\t<div class=\"elementor-column elementor-col-50 elementor-top-column elementor-element elementor-element-f2fd1cd\" data-id=\"f2fd1cd\" data-element_type=\"column\" data-e-type=\"column\">\n\t\t\t<div class=\"elementor-widget-wrap elementor-element-populated\">\n\t\t\t\t\t\t<div class=\"elementor-element elementor-element-eb4a11b elementor-widget elementor-widget-text-editor\" data-id=\"eb4a11b\" data-element_type=\"widget\" data-e-type=\"widget\" data-widget_type=\"text-editor.default\">\n\t\t\t\t<div class=\"elementor-widget-container\">\n\t\t\t\t\t\t\t\t\t<p><a href=\"https:\/\/www.etre-harmonie.ch\/home\/#page-section-60ec4d02fed30c0bcb6b5acb\" target=\"_blank\" rel=\"noopener\">Weitere Informationen finden Sie unter diesem Link<\/a><\/p>\t\t\t\t\t\t\t\t<\/div>\n\t\t\t\t<\/div>\n\t\t\t\t\t<\/div>\n\t\t<\/div>\n\t\t\t\t\t<\/div>\n\t\t<\/section>\n\t\t\t\t<\/div>","protected":false},"excerpt":{"rendered":"<p>Biselx-Men\u00e9trey Janick Au service de l\u2019Humain depuis 2003, dipl\u00f4m\u00e9e en m\u00e9diation familiale HES-SO (2013) elle est certifi\u00e9e \u00e0 diff\u00e9rentes approches li\u00e9es \u00e0 la communication, au coaching, au d\u00e9veloppement personnel et [&hellip;]<\/p>\n","protected":false},"author":1,"featured_media":0,"parent":0,"menu_order":0,"comment_status":"closed","ping_status":"closed","template":"","meta":{"footnotes":""},"class_list":["post-5981","page","type-page","status-publish","hentry"],"publishpress_future_action":{"enabled":false,"date":"2026-04-20 12:47:22","action":"change-status","newStatus":"draft","terms":[],"taxonomy":"","extraData":[]},"publishpress_future_workflow_manual_trigger":{"enabledWorkflows":[]},"_links":{"self":[{"href":"http:\/\/suisse-fibromyalgie.ch\/de\/wp-json\/wp\/v2\/pages\/5981","targetHints":{"allow":["GET"]}}],"collection":[{"href":"http:\/\/suisse-fibromyalgie.ch\/de\/wp-json\/wp\/v2\/pages"}],"about":[{"href":"http:\/\/suisse-fibromyalgie.ch\/de\/wp-json\/wp\/v2\/types\/page"}],"author":[{"embeddable":true,"href":"http:\/\/suisse-fibromyalgie.ch\/de\/wp-json\/wp\/v2\/users\/1"}],"replies":[{"embeddable":true,"href":"http:\/\/suisse-fibromyalgie.ch\/de\/wp-json\/wp\/v2\/comments?post=5981"}],"version-history":[{"count":12,"href":"http:\/\/suisse-fibromyalgie.ch\/de\/wp-json\/wp\/v2\/pages\/5981\/revisions"}],"predecessor-version":[{"id":6488,"href":"http:\/\/suisse-fibromyalgie.ch\/de\/wp-json\/wp\/v2\/pages\/5981\/revisions\/6488"}],"wp:attachment":[{"href":"http:\/\/suisse-fibromyalgie.ch\/de\/wp-json\/wp\/v2\/media?parent=5981"}],"curies":[{"name":"wp","href":"https:\/\/api.w.org\/{rel}","templated":true}]}}