{"id":5859,"date":"2024-07-22T14:15:20","date_gmt":"2024-07-22T12:15:20","guid":{"rendered":"https:\/\/suisse-fibromyalgie.ch\/?page_id=5859"},"modified":"2026-03-30T16:53:59","modified_gmt":"2026-03-30T14:53:59","slug":"tireford-wonny-magnetotherapie","status":"publish","type":"page","link":"http:\/\/suisse-fibromyalgie.ch\/de\/tireford-wonny-magnetotherapie\/","title":{"rendered":"Tireford Wonny - Magnetfeldtherapie"},"content":{"rendered":"<div data-elementor-type=\"wp-page\" data-elementor-id=\"5859\" class=\"elementor elementor-5859\" data-elementor-post-type=\"page\">\n\t\t\t\t\t\t<section class=\"elementor-section elementor-top-section elementor-element elementor-element-2d20593 elementor-section-boxed elementor-section-height-default elementor-section-height-default\" data-id=\"2d20593\" data-element_type=\"section\" data-e-type=\"section\">\n\t\t\t\t\t\t<div class=\"elementor-container elementor-column-gap-default\">\n\t\t\t\t\t<div class=\"elementor-column elementor-col-100 elementor-top-column elementor-element elementor-element-f2884a0\" data-id=\"f2884a0\" data-element_type=\"column\" data-e-type=\"column\">\n\t\t\t<div class=\"elementor-widget-wrap elementor-element-populated\">\n\t\t\t\t\t\t<div class=\"elementor-element elementor-element-d7a3256 elementor-widget elementor-widget-image\" data-id=\"d7a3256\" data-element_type=\"widget\" data-e-type=\"widget\" data-widget_type=\"image.default\">\n\t\t\t\t<div class=\"elementor-widget-container\">\n\t\t\t\t\t\t\t\t\t\t\t\t\t\t\t<img decoding=\"async\" width=\"200\" height=\"200\" src=\"https:\/\/suisse-fibromyalgie.ch\/wp-content\/uploads\/Logo-Innov-MD-OK.jpeg\" class=\"attachment-large size-large wp-image-9318\" alt=\"\" srcset=\"https:\/\/suisse-fibromyalgie.ch\/wp-content\/uploads\/Logo-Innov-MD-OK.jpeg 200w, https:\/\/suisse-fibromyalgie.ch\/wp-content\/uploads\/Logo-Innov-MD-OK-150x150.jpeg 150w, https:\/\/suisse-fibromyalgie.ch\/wp-content\/uploads\/Logo-Innov-MD-OK-12x12.jpeg 12w\" sizes=\"(max-width: 200px) 100vw, 200px\" \/>\t\t\t\t\t\t\t\t\t\t\t\t\t\t\t<\/div>\n\t\t\t\t<\/div>\n\t\t\t\t\t<\/div>\n\t\t<\/div>\n\t\t\t\t\t<\/div>\n\t\t<\/section>\n\t\t\t\t<section class=\"elementor-section elementor-top-section elementor-element elementor-element-49a8769 elementor-section-boxed elementor-section-height-default elementor-section-height-default\" data-id=\"49a8769\" data-element_type=\"section\" data-e-type=\"section\">\n\t\t\t\t\t\t<div class=\"elementor-container elementor-column-gap-default\">\n\t\t\t\t\t<div class=\"elementor-column elementor-col-100 elementor-top-column elementor-element elementor-element-b832f5d\" data-id=\"b832f5d\" data-element_type=\"column\" data-e-type=\"column\">\n\t\t\t<div class=\"elementor-widget-wrap elementor-element-populated\">\n\t\t\t\t\t\t<div class=\"elementor-element elementor-element-d7d395e elementor-widget elementor-widget-text-editor\" data-id=\"d7d395e\" data-element_type=\"widget\" data-e-type=\"widget\" data-widget_type=\"text-editor.default\">\n\t\t\t\t<div class=\"elementor-widget-container\">\n\t\t\t\t\t\t\t\t\t<h3><strong><u>Magnetfeldtherapie mit gepulsten Magnetfeldern &amp; Fibromyalgie<\/u><\/strong><\/h3>\n<p>Fibromyalgie \u00e4u\u00dfert sich in chronischen, diffusen Schmerzen, anhaltender M\u00fcdigkeit, Schlafst\u00f6rungen und k\u00f6rperlicher \u00dcberempfindlichkeit. Die Magnetfeldtherapie mit pulsierenden Magnetfeldern ist ein Wellness-Ansatz, bei dem sanfte magnetische Impulse eingesetzt werden, um die Entspannung und das Wohlbefinden im Alltag zu begleiten.<\/p>\n<p>Im Rahmen der Fibromyalgie kann diese Methode dazu beitragen, :<\/p>\n<ul>\n<li>bestimmte K\u00f6rperspannungen zu lindern,<\/li>\n<li>die Entspannung und Lockerung der Muskeln f\u00f6rdern,<\/li>\n<li>eine bessere Erholung und einen erholsameren Schlaf unterst\u00fctzen,<\/li>\n<li>den Umgang mit Stress und M\u00fcdigkeit begleiten.<\/li>\n<\/ul>\n<p><u>Entdeckungssitzung zu Hause<\/u><\/p>\n<p>Eine Magnetfeldtherapie-Sitzung zu Hause wird angeboten, um die Methode kennenzulernen, ihre Funktionsweise zu verstehen und die Empfindungen in aller Ruhe zu Hause zu beurteilen.<\/p>\n<p>Im Anschluss an diese Sitzung kann man sich, wenn die Methode den Bed\u00fcrfnissen der Person entspricht, f\u00fcr den Kauf eines medizinischen Ger\u00e4ts f\u00fcr die Magnetfeldtherapie mit pulsierenden Magnetfeldern entscheiden, das eine unabh\u00e4ngige und regelm\u00e4\u00dfige Anwendung zu Hause erm\u00f6glicht, je nach den eigenen Bed\u00fcrfnissen und dem eigenen Rhythmus.<\/p>\n<p>Vorteil SVMB-Mitglieder: Mitglieder des Verbands erhalten einen Rabatt von 10 % auf den Kauf des Medizinprodukts.<\/p>\n<p>Dieser Ansatz versteht sich als erg\u00e4nzende Begleitung und ersetzt keinesfalls eine medizinische Betreuung.<\/p>\n<h3><strong><u>Chromotherapie &amp; Fibromyalgie<\/u><\/strong><\/h3>\n<p>Die Farbtherapie ist eine sanfte Methode, die auf der Verwendung von Farben und ihren Schwingungen beruht, um das emotionale und energetische Gleichgewicht zu f\u00f6rdern. Sie eignet sich besonders f\u00fcr Menschen mit Fibromyalgie, die einen nicht-invasiven Ansatz w\u00fcnschen, der auf das ganzheitliche Wohlbefinden ausgerichtet ist.<\/p>\n<p>Im Zusammenhang mit Fibromyalgie kann die Farbtherapie helfen, :<\/p>\n<ul>\n<li>emotionale Spannungen zu lindern,<\/li>\n<li>tiefe Entspannung und Loslassen f\u00f6rdern,<\/li>\n<li>Zeiten geistiger und emotionaler Ersch\u00f6pfung begleiten,<\/li>\n<li>ein allgemeines Gef\u00fchl des Wohlbefindens unterst\u00fctzen.<\/li>\n<\/ul>\n<p>Die Farbtherapie kann allein oder als Erg\u00e4nzung zu anderen Wellness-Ans\u00e4tzen eingesetzt werden, immer unter Ber\u00fccksichtigung der eigenen Bed\u00fcrfnisse.<\/p>\t\t\t\t\t\t\t\t<\/div>\n\t\t\t\t<\/div>\n\t\t\t\t\t<\/div>\n\t\t<\/div>\n\t\t\t\t\t<\/div>\n\t\t<\/section>\n\t\t\t\t<section class=\"elementor-section elementor-top-section elementor-element elementor-element-085dee4 elementor-section-boxed elementor-section-height-default elementor-section-height-default\" data-id=\"085dee4\" data-element_type=\"section\" data-e-type=\"section\">\n\t\t\t\t\t\t<div class=\"elementor-container elementor-column-gap-default\">\n\t\t\t\t\t<div class=\"elementor-column elementor-col-50 elementor-top-column elementor-element elementor-element-fd354a9\" data-id=\"fd354a9\" data-element_type=\"column\" data-e-type=\"column\">\n\t\t\t<div class=\"elementor-widget-wrap elementor-element-populated\">\n\t\t\t\t\t\t<div class=\"elementor-element elementor-element-056f65c elementor-widget elementor-widget-text-editor\" data-id=\"056f65c\" data-element_type=\"widget\" data-e-type=\"widget\" data-widget_type=\"text-editor.default\">\n\t\t\t\t<div class=\"elementor-widget-container\">\n\t\t\t\t\t\t\t\t\t<p>Vorteil SVMB-Mitglieder: Mitglieder des Verbands erhalten einen Rabatt von 10 % auf den Kauf des Medizinprodukts.<\/p>\t\t\t\t\t\t\t\t<\/div>\n\t\t\t\t<\/div>\n\t\t\t\t\t<\/div>\n\t\t<\/div>\n\t\t\t\t<div class=\"elementor-column elementor-col-50 elementor-top-column elementor-element elementor-element-f2fd1cd\" data-id=\"f2fd1cd\" data-element_type=\"column\" data-e-type=\"column\">\n\t\t\t<div class=\"elementor-widget-wrap elementor-element-populated\">\n\t\t\t\t\t\t<div class=\"elementor-element elementor-element-eb4a11b elementor-widget elementor-widget-text-editor\" data-id=\"eb4a11b\" data-element_type=\"widget\" data-e-type=\"widget\" data-widget_type=\"text-editor.default\">\n\t\t\t\t<div class=\"elementor-widget-container\">\n\t\t\t\t\t\t\t\t\t<p><a href=\"https:\/\/innovmd.ch\/\" target=\"_blank\" rel=\"noopener\">Um mehr zu erfahren, klicken Sie auf diesen Link<\/a><\/p>\t\t\t\t\t\t\t\t<\/div>\n\t\t\t\t<\/div>\n\t\t\t\t\t<\/div>\n\t\t<\/div>\n\t\t\t\t\t<\/div>\n\t\t<\/section>\n\t\t\t\t<\/div>","protected":false},"excerpt":{"rendered":"<p>Magn\u00e9toth\u00e9rapie par champs magn\u00e9tiques puls\u00e9s &amp; fibromyalgie La fibromyalgie se manifeste par des douleurs chroniques diffuses, une fatigue persistante, des troubles du sommeil et une hypersensibilit\u00e9 corporelle. La magn\u00e9toth\u00e9rapie par [&hellip;]<\/p>\n","protected":false},"author":1,"featured_media":0,"parent":0,"menu_order":0,"comment_status":"closed","ping_status":"closed","template":"","meta":{"footnotes":""},"class_list":["post-5859","page","type-page","status-publish","hentry"],"publishpress_future_action":{"enabled":false,"date":"2026-05-23 13:55:41","action":"change-status","newStatus":"draft","terms":[],"taxonomy":"","extraData":[]},"publishpress_future_workflow_manual_trigger":{"enabledWorkflows":[]},"_links":{"self":[{"href":"http:\/\/suisse-fibromyalgie.ch\/de\/wp-json\/wp\/v2\/pages\/5859","targetHints":{"allow":["GET"]}}],"collection":[{"href":"http:\/\/suisse-fibromyalgie.ch\/de\/wp-json\/wp\/v2\/pages"}],"about":[{"href":"http:\/\/suisse-fibromyalgie.ch\/de\/wp-json\/wp\/v2\/types\/page"}],"author":[{"embeddable":true,"href":"http:\/\/suisse-fibromyalgie.ch\/de\/wp-json\/wp\/v2\/users\/1"}],"replies":[{"embeddable":true,"href":"http:\/\/suisse-fibromyalgie.ch\/de\/wp-json\/wp\/v2\/comments?post=5859"}],"version-history":[{"count":3,"href":"http:\/\/suisse-fibromyalgie.ch\/de\/wp-json\/wp\/v2\/pages\/5859\/revisions"}],"predecessor-version":[{"id":9322,"href":"http:\/\/suisse-fibromyalgie.ch\/de\/wp-json\/wp\/v2\/pages\/5859\/revisions\/9322"}],"wp:attachment":[{"href":"http:\/\/suisse-fibromyalgie.ch\/de\/wp-json\/wp\/v2\/media?parent=5859"}],"curies":[{"name":"wp","href":"https:\/\/api.w.org\/{rel}","templated":true}]}}