{"id":5838,"date":"2024-07-22T11:30:06","date_gmt":"2024-07-22T09:30:06","guid":{"rendered":"https:\/\/suisse-fibromyalgie.ch\/?page_id=5838"},"modified":"2024-07-22T13:52:42","modified_gmt":"2024-07-22T11:52:42","slug":"lecapitaine-martin-la-sono-therapie","status":"publish","type":"page","link":"http:\/\/suisse-fibromyalgie.ch\/de\/lecapitaine-martin-la-sono-therapie\/","title":{"rendered":"Lecapitaine Martin - Die Schalltherapie"},"content":{"rendered":"<div data-elementor-type=\"wp-page\" data-elementor-id=\"5838\" class=\"elementor elementor-5838\" data-elementor-post-type=\"page\">\n\t\t\t\t\t\t<section class=\"elementor-section elementor-top-section elementor-element elementor-element-455576d elementor-section-boxed elementor-section-height-default elementor-section-height-default\" data-id=\"455576d\" data-element_type=\"section\" data-e-type=\"section\">\n\t\t\t\t\t\t<div class=\"elementor-container elementor-column-gap-default\">\n\t\t\t\t\t<div class=\"elementor-column elementor-col-50 elementor-top-column elementor-element elementor-element-be31f53\" data-id=\"be31f53\" data-element_type=\"column\" data-e-type=\"column\">\n\t\t\t<div class=\"elementor-widget-wrap elementor-element-populated\">\n\t\t\t\t\t\t<div class=\"elementor-element elementor-element-6c5ee45 elementor-widget elementor-widget-image\" data-id=\"6c5ee45\" data-element_type=\"widget\" data-e-type=\"widget\" data-widget_type=\"image.default\">\n\t\t\t\t<div class=\"elementor-widget-container\">\n\t\t\t\t\t\t\t\t\t\t\t\t\t\t\t<img fetchpriority=\"high\" decoding=\"async\" width=\"800\" height=\"529\" src=\"https:\/\/suisse-fibromyalgie.ch\/wp-content\/uploads\/adultmelodia-002.jpg\" class=\"attachment-large size-large wp-image-5854\" alt=\"\" srcset=\"https:\/\/suisse-fibromyalgie.ch\/wp-content\/uploads\/adultmelodia-002.jpg 951w, https:\/\/suisse-fibromyalgie.ch\/wp-content\/uploads\/adultmelodia-002-300x198.jpg 300w, https:\/\/suisse-fibromyalgie.ch\/wp-content\/uploads\/adultmelodia-002-768x508.jpg 768w, https:\/\/suisse-fibromyalgie.ch\/wp-content\/uploads\/adultmelodia-002-18x12.jpg 18w\" sizes=\"(max-width: 800px) 100vw, 800px\" \/>\t\t\t\t\t\t\t\t\t\t\t\t\t\t\t<\/div>\n\t\t\t\t<\/div>\n\t\t\t\t\t<\/div>\n\t\t<\/div>\n\t\t\t\t<div class=\"elementor-column elementor-col-50 elementor-top-column elementor-element elementor-element-728ab29\" data-id=\"728ab29\" data-element_type=\"column\" data-e-type=\"column\">\n\t\t\t<div class=\"elementor-widget-wrap elementor-element-populated\">\n\t\t\t\t\t\t<div class=\"elementor-element elementor-element-1147fc4 elementor-widget elementor-widget-text-editor\" data-id=\"1147fc4\" data-element_type=\"widget\" data-e-type=\"widget\" data-widget_type=\"text-editor.default\">\n\t\t\t\t<div class=\"elementor-widget-container\">\n\t\t\t\t\t\t\t\t\t<h3>Die Schalltherapie<\/h3><div class=\"elementor-element elementor-element-0ede247 elementor-widget__width-initial elementor-widget elementor-widget-text-editor\" data-id=\"0ede247\" data-element_type=\"widget\" data-widget_type=\"text-editor.default\"><div class=\"elementor-widget-container\"><p><span lang=\"FR\">Die Sonotherapie wirkt direkt auf das Gehirn, und das ist mithilfe von Elektroenzephalogrammen durchaus beobachtbar.<\/span><\/p><p><span lang=\"FR\">Der tiefe Entspannungszustand beispielsweise verlangsamt die Gehirnaktivit\u00e4t und aktiviert die \"Alpha\"-Wellen des Gehirns. Diese liegen zwischen 8hz und 12hz und erm\u00f6glichen eine tiefe Erholung des K\u00f6rpers. Ein weiteres Beispiel sind die \"Beta\"-Wellen, die zwischen 12hz und 20hz liegen und einem erh\u00f6hten Zustand der Wachsamkeit, der Konzentration entsprechen.<\/span><\/p><p><span lang=\"FR\">Es gibt f\u00fcnf Hauptwellen, die von unserem Gehirn ausgesendet werden (Delta, Theta, Alpha, Beta und Gamma) und man kann jede dieser Wellen mit einem Zustand verkn\u00fcpfen.\u00a0<\/span><\/p><p><span lang=\"FR\">Indem wir diese Wellen mithilfe von Sonotherapie und binauralem Beat gezielt ansprechen, k\u00f6nnen wir bestimmte kognitive Funktionen aktivieren oder hemmen.<br \/>Und dank dieser k\u00f6nnen wir direkt auf das Gef\u00fchl des Wohlbefindens, auf die Empfindung bestimmter Symptome einwirken, und zwar auf nichtmedikament\u00f6se, nichtinvasive Weise und ohne Gegenanzeigen.<\/span><\/p><\/div><\/div>\t\t\t\t\t\t\t\t<\/div>\n\t\t\t\t<\/div>\n\t\t\t\t\t<\/div>\n\t\t<\/div>\n\t\t\t\t\t<\/div>\n\t\t<\/section>\n\t\t\t\t<section class=\"elementor-section elementor-top-section elementor-element elementor-element-8e9f295 elementor-section-boxed elementor-section-height-default elementor-section-height-default\" data-id=\"8e9f295\" data-element_type=\"section\" data-e-type=\"section\">\n\t\t\t\t\t\t<div class=\"elementor-container elementor-column-gap-default\">\n\t\t\t\t\t<div class=\"elementor-column elementor-col-100 elementor-top-column elementor-element elementor-element-92d61b9\" data-id=\"92d61b9\" data-element_type=\"column\" data-e-type=\"column\">\n\t\t\t<div class=\"elementor-widget-wrap elementor-element-populated\">\n\t\t\t\t\t\t<div class=\"elementor-element elementor-element-f867ac4 elementor-widget elementor-widget-text-editor\" data-id=\"f867ac4\" data-element_type=\"widget\" data-e-type=\"widget\" data-widget_type=\"text-editor.default\">\n\t\t\t\t<div class=\"elementor-widget-container\">\n\t\t\t\t\t\t\t\t\t<ul><li><p>Melodia Therapy ist eine Anwendung aus dem Bereich der Sonotherapie und Neurowissenschaft, die Naturger\u00e4usche, entspannende Musik und spezielle Vibrationen (binaurale Beats und isochrone T\u00f6ne) verwendet, um Ihr Wohlbefinden zu f\u00f6rdern und Ihnen zu helfen, sich besser zu f\u00fchlen.<\/p><\/li><li><p>Unsere Klangtherapie-Anwendung nutzt Tiefenentspannungstechniken, um Stress abzubauen, die Symptome verschiedener Erkrankungen zu lindern und Sie in Ihrem Alltag zu unterst\u00fctzen.<\/p><\/li><li><p>Therapeutische Musik wird seit Jahrhunderten zur Verbesserung der geistigen und k\u00f6rperlichen Gesundheit eingesetzt. Mit Melodia Therapy haben Sie Zugang zu einer Vielzahl von Musik und Kl\u00e4ngen, die speziell aufgrund ihrer therapeutischen Wirkung ausgew\u00e4hlt wurden.<\/p><\/li><li><p>Binaurale Beats bilden zusammen mit Naturger\u00e4uschen und Entspannungsmusik eine starke Synergie, die Ihnen hilft, einen Zustand tiefer Entspannung zu erreichen, Ihre Schlafqualit\u00e4t zu verbessern und Ihr k\u00f6rperliches und geistiges Wohlbefinden zu stimulieren.<\/p><\/li><li><p>Ob Sie unter Angstzust\u00e4nden, Depressionen, Stress oder Schmerzen leiden, Melodia Therapy kann Ihnen mit unserem ganzheitlichen Ansatz f\u00fcr Gesundheit und Wohlbefinden dabei helfen, sich besser zu f\u00fchlen und Ihre Lebensqualit\u00e4t zu verbessern.<\/p><\/li><\/ul><p><em>\"\u00a0<strong>Musik gibt unseren Herzen eine Seele und den Gedanken Fl\u00fcgel<\/strong>\"<\/em><em>Platon (Gedicht Die Musik)\u00a0<\/em><\/p>\t\t\t\t\t\t\t\t<\/div>\n\t\t\t\t<\/div>\n\t\t\t\t\t<\/div>\n\t\t<\/div>\n\t\t\t\t\t<\/div>\n\t\t<\/section>\n\t\t\t\t<section class=\"elementor-section elementor-top-section elementor-element elementor-element-085dee4 elementor-section-boxed elementor-section-height-default elementor-section-height-default\" data-id=\"085dee4\" data-element_type=\"section\" data-e-type=\"section\">\n\t\t\t\t\t\t<div class=\"elementor-container elementor-column-gap-default\">\n\t\t\t\t\t<div class=\"elementor-column elementor-col-50 elementor-top-column elementor-element elementor-element-fd354a9\" data-id=\"fd354a9\" data-element_type=\"column\" data-e-type=\"column\">\n\t\t\t<div class=\"elementor-widget-wrap elementor-element-populated\">\n\t\t\t\t\t\t<div class=\"elementor-element elementor-element-056f65c elementor-widget elementor-widget-text-editor\" data-id=\"056f65c\" data-element_type=\"widget\" data-e-type=\"widget\" data-widget_type=\"text-editor.default\">\n\t\t\t\t<div class=\"elementor-widget-container\">\n\t\t\t\t\t\t\t\t\t<p><span class=\"uael-before-heading\"><span class=\"elementor-inline-editing uael-dual-heading-text uael-first-text\" data-elementor-setting-key=\"before_heading_text\" data-elementor-inline-editing-toolbar=\"basic\">Melodia Therapy. <\/span><\/span><span class=\"uael-adv-heading-stack\"><span class=\"elementor-inline-editing uael-dual-heading-text uael-highlight-text\" data-elementor-setting-key=\"second_heading_text\" data-elementor-inline-editing-toolbar=\"basic\">Ihre Anwendung der Sonotherapie<\/span><\/span><\/p>\t\t\t\t\t\t\t\t<\/div>\n\t\t\t\t<\/div>\n\t\t\t\t\t<\/div>\n\t\t<\/div>\n\t\t\t\t<div class=\"elementor-column elementor-col-50 elementor-top-column elementor-element elementor-element-f2fd1cd\" data-id=\"f2fd1cd\" data-element_type=\"column\" data-e-type=\"column\">\n\t\t\t<div class=\"elementor-widget-wrap elementor-element-populated\">\n\t\t\t\t\t\t<div class=\"elementor-element elementor-element-eb4a11b elementor-widget elementor-widget-text-editor\" data-id=\"eb4a11b\" data-element_type=\"widget\" data-e-type=\"widget\" data-widget_type=\"text-editor.default\">\n\t\t\t\t<div class=\"elementor-widget-container\">\n\t\t\t\t\t\t\t\t\t<p><a href=\"https:\/\/www.melodiatherapy.com\/fr\/home-fr\/\" target=\"_blank\" rel=\"noopener\">Um mehr zu erfahren, klicken Sie auf diesen Link<\/a><\/p>\t\t\t\t\t\t\t\t<\/div>\n\t\t\t\t<\/div>\n\t\t\t\t\t<\/div>\n\t\t<\/div>\n\t\t\t\t\t<\/div>\n\t\t<\/section>\n\t\t\t\t<section class=\"elementor-section elementor-top-section elementor-element elementor-element-b7c627a elementor-section-boxed elementor-section-height-default elementor-section-height-default\" data-id=\"b7c627a\" data-element_type=\"section\" data-e-type=\"section\">\n\t\t\t\t\t\t<div class=\"elementor-container elementor-column-gap-default\">\n\t\t\t\t\t<div class=\"elementor-column elementor-col-50 elementor-top-column elementor-element elementor-element-d322403\" data-id=\"d322403\" data-element_type=\"column\" data-e-type=\"column\">\n\t\t\t<div class=\"elementor-widget-wrap elementor-element-populated\">\n\t\t\t\t\t\t<div class=\"elementor-element elementor-element-9b00742 elementor-widget elementor-widget-text-editor\" data-id=\"9b00742\" data-element_type=\"widget\" data-e-type=\"widget\" data-widget_type=\"text-editor.default\">\n\t\t\t\t<div class=\"elementor-widget-container\">\n\t\t\t\t\t\t\t\t\t<p><strong>FIBROMYALGIE: WOHLBEFINDEN DURCH SONOTHERAPIE MIT MELODIA THERAPY<\/strong><\/p>\t\t\t\t\t\t\t\t<\/div>\n\t\t\t\t<\/div>\n\t\t\t\t\t<\/div>\n\t\t<\/div>\n\t\t\t\t<div class=\"elementor-column elementor-col-50 elementor-top-column elementor-element elementor-element-5f17e86\" data-id=\"5f17e86\" data-element_type=\"column\" data-e-type=\"column\">\n\t\t\t<div class=\"elementor-widget-wrap elementor-element-populated\">\n\t\t\t\t\t\t<div class=\"elementor-element elementor-element-4b4a699 elementor-widget elementor-widget-text-editor\" data-id=\"4b4a699\" data-element_type=\"widget\" data-e-type=\"widget\" data-widget_type=\"text-editor.default\">\n\t\t\t\t<div class=\"elementor-widget-container\">\n\t\t\t\t\t\t\t\t\t<p><a href=\"https:\/\/suisse-fibromyalgie.ch\/wp-content\/uploads\/Article-ASFM-Melodia-Therapy.pdf\" target=\"_blank\" rel=\"noopener\">Um mehr zu erfahren, klicken Sie auf diesen Link, um den Artikel als PDF zu sehen<\/a><\/p>\t\t\t\t\t\t\t\t<\/div>\n\t\t\t\t<\/div>\n\t\t\t\t\t<\/div>\n\t\t<\/div>\n\t\t\t\t\t<\/div>\n\t\t<\/section>\n\t\t\t\t<\/div>","protected":false},"excerpt":{"rendered":"<p>La sono th\u00e9rapie La sono th\u00e9rapie agit de fa\u00e7on directe sur le cerveau, et c\u2019est tout \u00e0 fait observable gr\u00e2ce aux \u00e9lectro-enc\u00e9phalogrammes. L\u2019\u00e9tat profond de relaxation, par exemple, ralenti l\u2019activit\u00e9 [&hellip;]<\/p>\n","protected":false},"author":1,"featured_media":0,"parent":0,"menu_order":0,"comment_status":"closed","ping_status":"closed","template":"","meta":{"footnotes":""},"class_list":["post-5838","page","type-page","status-publish","hentry"],"publishpress_future_action":{"enabled":false,"date":"2026-04-22 17:51:25","action":"change-status","newStatus":"draft","terms":[],"taxonomy":"","extraData":[]},"publishpress_future_workflow_manual_trigger":{"enabledWorkflows":[]},"_links":{"self":[{"href":"http:\/\/suisse-fibromyalgie.ch\/de\/wp-json\/wp\/v2\/pages\/5838","targetHints":{"allow":["GET"]}}],"collection":[{"href":"http:\/\/suisse-fibromyalgie.ch\/de\/wp-json\/wp\/v2\/pages"}],"about":[{"href":"http:\/\/suisse-fibromyalgie.ch\/de\/wp-json\/wp\/v2\/types\/page"}],"author":[{"embeddable":true,"href":"http:\/\/suisse-fibromyalgie.ch\/de\/wp-json\/wp\/v2\/users\/1"}],"replies":[{"embeddable":true,"href":"http:\/\/suisse-fibromyalgie.ch\/de\/wp-json\/wp\/v2\/comments?post=5838"}],"version-history":[{"count":0,"href":"http:\/\/suisse-fibromyalgie.ch\/de\/wp-json\/wp\/v2\/pages\/5838\/revisions"}],"wp:attachment":[{"href":"http:\/\/suisse-fibromyalgie.ch\/de\/wp-json\/wp\/v2\/media?parent=5838"}],"curies":[{"name":"wp","href":"https:\/\/api.w.org\/{rel}","templated":true}]}}