{"id":5590,"date":"2024-06-11T14:56:25","date_gmt":"2024-06-11T12:56:25","guid":{"rendered":"https:\/\/suisse-fibromyalgie.ch\/?page_id=5590"},"modified":"2024-06-11T15:00:59","modified_gmt":"2024-06-11T13:00:59","slug":"de-frino-florence-hypnose-et-relaxation","status":"publish","type":"page","link":"http:\/\/suisse-fibromyalgie.ch\/de\/de-frino-florence-hypnose-et-relaxation\/","title":{"rendered":"De Frino Florence - Hypnose und Entspannung"},"content":{"rendered":"<div data-elementor-type=\"wp-page\" data-elementor-id=\"5590\" class=\"elementor elementor-5590\" data-elementor-post-type=\"page\">\n\t\t\t\t\t\t<section class=\"elementor-section elementor-top-section elementor-element elementor-element-5643a8c elementor-section-boxed elementor-section-height-default elementor-section-height-default\" data-id=\"5643a8c\" data-element_type=\"section\" data-e-type=\"section\">\n\t\t\t\t\t\t<div class=\"elementor-container elementor-column-gap-default\">\n\t\t\t\t\t<div class=\"elementor-column elementor-col-50 elementor-top-column elementor-element elementor-element-c953588\" data-id=\"c953588\" data-element_type=\"column\" data-e-type=\"column\">\n\t\t\t<div class=\"elementor-widget-wrap elementor-element-populated\">\n\t\t\t\t\t\t<div class=\"elementor-element elementor-element-68ab1cb elementor-widget elementor-widget-image\" data-id=\"68ab1cb\" data-element_type=\"widget\" data-e-type=\"widget\" data-widget_type=\"image.default\">\n\t\t\t\t<div class=\"elementor-widget-container\">\n\t\t\t\t\t\t\t\t\t\t\t\t\t\t\t<img fetchpriority=\"high\" decoding=\"async\" width=\"768\" height=\"1019\" src=\"https:\/\/suisse-fibromyalgie.ch\/wp-content\/uploads\/De-Frino-Florence-768x1019.jpg\" class=\"attachment-medium_large size-medium_large wp-image-5591\" alt=\"\" srcset=\"https:\/\/suisse-fibromyalgie.ch\/wp-content\/uploads\/De-Frino-Florence-768x1019.jpg 768w, https:\/\/suisse-fibromyalgie.ch\/wp-content\/uploads\/De-Frino-Florence-226x300.jpg 226w, https:\/\/suisse-fibromyalgie.ch\/wp-content\/uploads\/De-Frino-Florence-772x1024.jpg 772w, https:\/\/suisse-fibromyalgie.ch\/wp-content\/uploads\/De-Frino-Florence-9x12.jpg 9w, https:\/\/suisse-fibromyalgie.ch\/wp-content\/uploads\/De-Frino-Florence.jpg 1158w\" sizes=\"(max-width: 768px) 100vw, 768px\" \/>\t\t\t\t\t\t\t\t\t\t\t\t\t\t\t<\/div>\n\t\t\t\t<\/div>\n\t\t\t\t\t<\/div>\n\t\t<\/div>\n\t\t\t\t<div class=\"elementor-column elementor-col-50 elementor-top-column elementor-element elementor-element-d7d3abd\" data-id=\"d7d3abd\" data-element_type=\"column\" data-e-type=\"column\">\n\t\t\t<div class=\"elementor-widget-wrap elementor-element-populated\">\n\t\t\t\t\t\t<div class=\"elementor-element elementor-element-cdd1fa2 elementor-widget elementor-widget-text-editor\" data-id=\"cdd1fa2\" data-element_type=\"widget\" data-e-type=\"widget\" data-widget_type=\"text-editor.default\">\n\t\t\t\t<div class=\"elementor-widget-container\">\n\t\t\t\t\t\t\t\t\t<p>Da ich mich leidenschaftlich f\u00fcr andere Menschen interessiere, habe ich vor einigen Jahren beschlossen, meine berufliche Laufbahn neu auszurichten.<\/p><p>Alles begann mit einer Diplomausbildung in\u00a0<strong>Entspannung<\/strong>.<\/p><p>Dann, mit dieser Erfahrung im R\u00fccken, habe ich mich f\u00fcr ein Zusatzstudium entschieden, das mir den Abschluss als\u00a0<strong>Meisterhafte Hypnosepraktikerin<\/strong>.<\/p><p>Da ich von Natur aus sehr gestresst bin, habe ich die Techniken zun\u00e4chst an mir selbst getestet, und das Ergebnis hat meine Erwartungen \u00fcbertroffen.<\/p><p>Daraufhin habe ich mich an verschiedenen Ausbildungen orientiert, die es mir erm\u00f6glichen, meine Klienten bestm\u00f6glich zu begleiten, die unter folgenden Krankheiten leiden\u00a0<strong>Angstst\u00f6rungen<\/strong>. Da ich bereits ein Diplom in Entspannung habe, habe ich beschlossen, meine Praxis zu verbessern und Hypnose hinzuzuf\u00fcgen. Die beiden Techniken erg\u00e4nzen sich sehr gut, um ein optimales Ergebnis zu erzielen.<strong>.<\/strong><\/p><ul><li>Fortbildung Angstst\u00f6rungen und Hypnose bei MHP<\/li><li>Weiterbildung L\u00f6sungsorientierte Kurztherapie bei MHP<\/li><li>Ausbildung Fortgeschrittene Hypnosetechniken bei MHP<\/li><\/ul><p>In den letzten Jahren habe ich mich haupts\u00e4chlich\u00a0<strong>spezialisiert auf Hypnose<\/strong>\u00a0f\u00fcr die\u00a0<strong>Kinder<\/strong>\u00a0und die\u00a0<strong>Jugendliche<\/strong>. Es ist mir eine gro\u00dfe Freude, ihnen Erleichterung zu verschaffen und ihnen zu helfen, ihr Leben gelassener fortzusetzen.<\/p><ul><li>Fortbildung Kind und Hypnose bei MHP<\/li><li>Lise Bartolis Hypnoseausbildung f\u00fcr Kinder<\/li><li>Weiterbildung in Pedorelaxation (Entspannung f\u00fcr Kinder)<\/li><li>Ausbildung in der Barkley-Methode<\/li><\/ul><p>Kommen Sie und probieren Sie es aus\u00a0<strong>Hypnose<\/strong>\u00a0!<\/p><p>Ich empfange Sie in meinem Arbeitszimmer in\u00a0<strong>Val-de-Ruz<\/strong>in dem Dorf\u00a0<strong>Fenin,\u00a0<\/strong>nur 10 Minuten vom Stadtzentrum von<strong>\u00a0Neuenburg<\/strong>.<\/p><p>Florence<\/p>\t\t\t\t\t\t\t\t<\/div>\n\t\t\t\t<\/div>\n\t\t\t\t\t<\/div>\n\t\t<\/div>\n\t\t\t\t\t<\/div>\n\t\t<\/section>\n\t\t\t\t<section class=\"elementor-section elementor-top-section elementor-element elementor-element-085dee4 elementor-section-boxed elementor-section-height-default elementor-section-height-default\" data-id=\"085dee4\" data-element_type=\"section\" data-e-type=\"section\">\n\t\t\t\t\t\t<div class=\"elementor-container elementor-column-gap-default\">\n\t\t\t\t\t<div class=\"elementor-column elementor-col-50 elementor-top-column elementor-element elementor-element-fd354a9\" data-id=\"fd354a9\" data-element_type=\"column\" data-e-type=\"column\">\n\t\t\t<div class=\"elementor-widget-wrap elementor-element-populated\">\n\t\t\t\t\t\t<div class=\"elementor-element elementor-element-056f65c elementor-widget elementor-widget-text-editor\" data-id=\"056f65c\" data-element_type=\"widget\" data-e-type=\"widget\" data-widget_type=\"text-editor.default\">\n\t\t\t\t<div class=\"elementor-widget-container\">\n\t\t\t\t\t\t\t\t\t<p>Lernen Sie, mithilfe von Entspannungs\u00fcbungen und vereinfachten Hypnosetechniken besser mit Ihren Schmerzen umzugehen. Lernen Sie, Ihre Muskulatur zu entspannen, um chronische Schmerzen zu verringern. In Hypnose seine Schmerzen mit einer farbigen Technik beseitigen.<\/p>\t\t\t\t\t\t\t\t<\/div>\n\t\t\t\t<\/div>\n\t\t\t\t\t<\/div>\n\t\t<\/div>\n\t\t\t\t<div class=\"elementor-column elementor-col-50 elementor-top-column elementor-element elementor-element-f2fd1cd\" data-id=\"f2fd1cd\" data-element_type=\"column\" data-e-type=\"column\">\n\t\t\t<div class=\"elementor-widget-wrap elementor-element-populated\">\n\t\t\t\t\t\t<div class=\"elementor-element elementor-element-eb4a11b elementor-widget elementor-widget-text-editor\" data-id=\"eb4a11b\" data-element_type=\"widget\" data-e-type=\"widget\" data-widget_type=\"text-editor.default\">\n\t\t\t\t<div class=\"elementor-widget-container\">\n\t\t\t\t\t\t\t\t\t<p><a href=\"https:\/\/hypno-relax.ch\/\" target=\"_blank\" rel=\"noopener\">Weitere Informationen finden Sie unter diesem Link<\/a><\/p>\t\t\t\t\t\t\t\t<\/div>\n\t\t\t\t<\/div>\n\t\t\t\t\t<\/div>\n\t\t<\/div>\n\t\t\t\t\t<\/div>\n\t\t<\/section>\n\t\t\t\t<\/div>","protected":false},"excerpt":{"rendered":"<p>Passionn\u00e9e par les autres, j\u2019ai d\u00e9cid\u00e9 il y a quelques ann\u00e9es de r\u00e9orienter ma carri\u00e8re professionnelle. Tout a commenc\u00e9 par une formation dipl\u00f4mante en\u00a0relaxation. Puis, forte de cette exp\u00e9rience, je [&hellip;]<\/p>\n","protected":false},"author":1,"featured_media":0,"parent":0,"menu_order":0,"comment_status":"closed","ping_status":"closed","template":"","meta":{"footnotes":""},"class_list":["post-5590","page","type-page","status-publish","hentry"],"publishpress_future_action":{"enabled":false,"date":"2026-05-11 11:01:20","action":"change-status","newStatus":"draft","terms":[],"taxonomy":"","extraData":[]},"publishpress_future_workflow_manual_trigger":{"enabledWorkflows":[]},"_links":{"self":[{"href":"http:\/\/suisse-fibromyalgie.ch\/de\/wp-json\/wp\/v2\/pages\/5590","targetHints":{"allow":["GET"]}}],"collection":[{"href":"http:\/\/suisse-fibromyalgie.ch\/de\/wp-json\/wp\/v2\/pages"}],"about":[{"href":"http:\/\/suisse-fibromyalgie.ch\/de\/wp-json\/wp\/v2\/types\/page"}],"author":[{"embeddable":true,"href":"http:\/\/suisse-fibromyalgie.ch\/de\/wp-json\/wp\/v2\/users\/1"}],"replies":[{"embeddable":true,"href":"http:\/\/suisse-fibromyalgie.ch\/de\/wp-json\/wp\/v2\/comments?post=5590"}],"version-history":[{"count":0,"href":"http:\/\/suisse-fibromyalgie.ch\/de\/wp-json\/wp\/v2\/pages\/5590\/revisions"}],"wp:attachment":[{"href":"http:\/\/suisse-fibromyalgie.ch\/de\/wp-json\/wp\/v2\/media?parent=5590"}],"curies":[{"name":"wp","href":"https:\/\/api.w.org\/{rel}","templated":true}]}}