{"id":5585,"date":"2024-06-11T14:45:44","date_gmt":"2024-06-11T12:45:44","guid":{"rendered":"https:\/\/suisse-fibromyalgie.ch\/?page_id=5585"},"modified":"2024-06-11T14:49:29","modified_gmt":"2024-06-11T12:49:29","slug":"nicolot-fabrice-sophrologue","status":"publish","type":"page","link":"http:\/\/suisse-fibromyalgie.ch\/de\/nicolot-fabrice-sophrologue\/","title":{"rendered":"Nicolot Fabrice - Sophrologin"},"content":{"rendered":"<div data-elementor-type=\"wp-page\" data-elementor-id=\"5585\" class=\"elementor elementor-5585\" data-elementor-post-type=\"page\">\n\t\t\t\t\t\t<section class=\"elementor-section elementor-top-section elementor-element elementor-element-5643a8c elementor-section-boxed elementor-section-height-default elementor-section-height-default\" data-id=\"5643a8c\" data-element_type=\"section\" data-e-type=\"section\">\n\t\t\t\t\t\t<div class=\"elementor-container elementor-column-gap-default\">\n\t\t\t\t\t<div class=\"elementor-column elementor-col-50 elementor-top-column elementor-element elementor-element-c953588\" data-id=\"c953588\" data-element_type=\"column\" data-e-type=\"column\">\n\t\t\t<div class=\"elementor-widget-wrap elementor-element-populated\">\n\t\t\t\t\t\t<div class=\"elementor-element elementor-element-68ab1cb elementor-widget elementor-widget-image\" data-id=\"68ab1cb\" data-element_type=\"widget\" data-e-type=\"widget\" data-widget_type=\"image.default\">\n\t\t\t\t<div class=\"elementor-widget-container\">\n\t\t\t\t\t\t\t\t\t\t\t\t\t\t\t<img fetchpriority=\"high\" decoding=\"async\" width=\"578\" height=\"1024\" src=\"https:\/\/suisse-fibromyalgie.ch\/wp-content\/uploads\/Nicolot-Fabrice-578x1024.jpg\" class=\"attachment-large size-large wp-image-5586\" alt=\"\" srcset=\"https:\/\/suisse-fibromyalgie.ch\/wp-content\/uploads\/Nicolot-Fabrice-578x1024.jpg 578w, https:\/\/suisse-fibromyalgie.ch\/wp-content\/uploads\/Nicolot-Fabrice-169x300.jpg 169w, https:\/\/suisse-fibromyalgie.ch\/wp-content\/uploads\/Nicolot-Fabrice-768x1360.jpg 768w, https:\/\/suisse-fibromyalgie.ch\/wp-content\/uploads\/Nicolot-Fabrice-867x1536.jpg 867w, https:\/\/suisse-fibromyalgie.ch\/wp-content\/uploads\/Nicolot-Fabrice-7x12.jpg 7w, https:\/\/suisse-fibromyalgie.ch\/wp-content\/uploads\/Nicolot-Fabrice.jpg 918w\" sizes=\"(max-width: 578px) 100vw, 578px\" \/>\t\t\t\t\t\t\t\t\t\t\t\t\t\t\t<\/div>\n\t\t\t\t<\/div>\n\t\t\t\t\t<\/div>\n\t\t<\/div>\n\t\t\t\t<div class=\"elementor-column elementor-col-50 elementor-top-column elementor-element elementor-element-d7d3abd\" data-id=\"d7d3abd\" data-element_type=\"column\" data-e-type=\"column\">\n\t\t\t<div class=\"elementor-widget-wrap elementor-element-populated\">\n\t\t\t\t\t\t<div class=\"elementor-element elementor-element-cdd1fa2 elementor-widget elementor-widget-text-editor\" data-id=\"cdd1fa2\" data-element_type=\"widget\" data-e-type=\"widget\" data-widget_type=\"text-editor.default\">\n\t\t\t\t<div class=\"elementor-widget-container\">\n\t\t\t\t\t\t\t\t\t<p class=\"font_8 wixui-rich-text__text\"><span class=\"wixui-rich-text__text\">W\u00e4hrend ich in der Vergangenheit davon \u00fcberzeugt war, dass die moderne Medizin nicht alles l\u00f6st, haben neuere Forschungen dies bewiesen. Ein ganzheitlicher Ansatz wird selbst in den traditionellsten Krankenhausumgebungen zunehmend angestrebt.<\/span><\/p><p class=\"font_8 wixui-rich-text__text\"><span class=\"wixui-rich-text__text\">Es reicht nicht mehr aus, nur die Symptome einer Krankheit zu bek\u00e4mpfen, sondern die Krankheit selbst. Mein ganzheitlicher Ansatz konzentriert sich auf die Wurzel des Problems, wenn n\u00f6tig parallel zu einer schulmedizinischen Betreuung, und erm\u00f6glicht es, den Leidenden Werkzeuge f\u00fcr ihr t\u00e4gliches Wohlbefinden an die Hand zu geben. In einigen F\u00e4llen kann ich Medikamente vermeiden oder reduzieren, in anderen F\u00e4llen kann ich wiederholte Arztbesuche vermeiden. Meine Begleitung ist immer auf die medizinische Diagnose abgestimmt und ersetzt diese nicht, sondern erg\u00e4nzt das, was bereits vorhanden ist.<\/span><\/p><p class=\"font_8 wixui-rich-text__text\"><span class=\"wixui-rich-text__text\">Die Beziehung zur Natur ist seit sehr langer Zeit bekannt und es gibt hier nichts Neues, allerdings haben die Menschen oft nicht den Willen, sich Zeit in der Natur zu g\u00f6nnen, M\u00fcdigkeit, Schlafmangel, Schmerzen, schlechte Laune bremsen sie im Alltag. Wenn ich ankomme, schafft das eine zus\u00e4tzliche Motivation f\u00fcr Bewegung, Sauerstoffzufuhr und Perspektivwechsel.<\/span><\/p><p class=\"font_8 wixui-rich-text__text\"><span class=\"wixui-rich-text__text\">Dem Leben neuen Schwung geben, Schmerzen verringern oder stoppen, Isolation und R\u00fcckzug verringern, einfache und wirksame Alternativen f\u00fcr die Bew\u00e4ltigung des Alltags anbieten<\/span><\/p><p class=\"font_8 wixui-rich-text__text\"><span class=\"wixui-rich-text__text\">Die Werte, die mich t\u00e4glich antreiben, sind Liebe, Natur, Teilen, sich selbst und den anderen anerkennen<\/span><\/p><p>Ich schlage Ihnen vor, Sophrologie-Spazierg\u00e4nge in der Natur zu machen. Es geht darum, sich wieder mit dem K\u00f6rper zu verbinden, ohne die Schmerzen zu verst\u00e4rken, sondern vielmehr das Gef\u00fchl der schmerzfreien Zonen zu verst\u00e4rken. Lernen, Positives zu somatisieren<\/p>\t\t\t\t\t\t\t\t<\/div>\n\t\t\t\t<\/div>\n\t\t\t\t\t<\/div>\n\t\t<\/div>\n\t\t\t\t\t<\/div>\n\t\t<\/section>\n\t\t\t\t<section class=\"elementor-section elementor-top-section elementor-element elementor-element-085dee4 elementor-section-boxed elementor-section-height-default elementor-section-height-default\" data-id=\"085dee4\" data-element_type=\"section\" data-e-type=\"section\">\n\t\t\t\t\t\t<div class=\"elementor-container elementor-column-gap-default\">\n\t\t\t\t\t<div class=\"elementor-column elementor-col-50 elementor-top-column elementor-element elementor-element-fd354a9\" data-id=\"fd354a9\" data-element_type=\"column\" data-e-type=\"column\">\n\t\t\t<div class=\"elementor-widget-wrap elementor-element-populated\">\n\t\t\t\t\t\t\t<\/div>\n\t\t<\/div>\n\t\t\t\t<div class=\"elementor-column elementor-col-50 elementor-top-column elementor-element elementor-element-f2fd1cd\" data-id=\"f2fd1cd\" data-element_type=\"column\" data-e-type=\"column\">\n\t\t\t<div class=\"elementor-widget-wrap elementor-element-populated\">\n\t\t\t\t\t\t<div class=\"elementor-element elementor-element-eb4a11b elementor-widget elementor-widget-text-editor\" data-id=\"eb4a11b\" data-element_type=\"widget\" data-e-type=\"widget\" data-widget_type=\"text-editor.default\">\n\t\t\t\t<div class=\"elementor-widget-container\">\n\t\t\t\t\t\t\t\t\t<p><a href=\"https:\/\/www.cestkedubonheur.ch\/\" target=\"_blank\" rel=\"noopener\">Weitere Informationen finden Sie unter diesem Link<\/a><\/p>\t\t\t\t\t\t\t\t<\/div>\n\t\t\t\t<\/div>\n\t\t\t\t\t<\/div>\n\t\t<\/div>\n\t\t\t\t\t<\/div>\n\t\t<\/section>\n\t\t\t\t<\/div>","protected":false},"excerpt":{"rendered":"<p>Si j\u2019\u00e9tais convaincu par le pass\u00e9 que la m\u00e9decine moderne ne solutionne pas tout, de r\u00e9centes recherches l\u2019ont d\u00e9montr\u00e9. Une approche holistique est de plus en plus recherch\u00e9e m\u00eame dans [&hellip;]<\/p>\n","protected":false},"author":1,"featured_media":0,"parent":0,"menu_order":0,"comment_status":"closed","ping_status":"closed","template":"","meta":{"footnotes":""},"class_list":["post-5585","page","type-page","status-publish","hentry"],"publishpress_future_action":{"enabled":false,"date":"2026-04-24 09:33:48","action":"change-status","newStatus":"draft","terms":[],"taxonomy":"","extraData":[]},"publishpress_future_workflow_manual_trigger":{"enabledWorkflows":[]},"_links":{"self":[{"href":"http:\/\/suisse-fibromyalgie.ch\/de\/wp-json\/wp\/v2\/pages\/5585","targetHints":{"allow":["GET"]}}],"collection":[{"href":"http:\/\/suisse-fibromyalgie.ch\/de\/wp-json\/wp\/v2\/pages"}],"about":[{"href":"http:\/\/suisse-fibromyalgie.ch\/de\/wp-json\/wp\/v2\/types\/page"}],"author":[{"embeddable":true,"href":"http:\/\/suisse-fibromyalgie.ch\/de\/wp-json\/wp\/v2\/users\/1"}],"replies":[{"embeddable":true,"href":"http:\/\/suisse-fibromyalgie.ch\/de\/wp-json\/wp\/v2\/comments?post=5585"}],"version-history":[{"count":0,"href":"http:\/\/suisse-fibromyalgie.ch\/de\/wp-json\/wp\/v2\/pages\/5585\/revisions"}],"wp:attachment":[{"href":"http:\/\/suisse-fibromyalgie.ch\/de\/wp-json\/wp\/v2\/media?parent=5585"}],"curies":[{"name":"wp","href":"https:\/\/api.w.org\/{rel}","templated":true}]}}