{"id":5559,"date":"2024-06-11T12:01:17","date_gmt":"2024-06-11T10:01:17","guid":{"rendered":"https:\/\/suisse-fibromyalgie.ch\/?page_id=5559"},"modified":"2024-06-11T12:03:55","modified_gmt":"2024-06-11T10:03:55","slug":"partenariat-avec-les-ligues-cantonales-et-les-associations","status":"publish","type":"page","link":"http:\/\/suisse-fibromyalgie.ch\/de\/partenariat-avec-les-ligues-cantonales-et-les-associations\/","title":{"rendered":"Partnerschaft mit kantonalen Ligen und Verb\u00e4nden"},"content":{"rendered":"<div data-elementor-type=\"wp-page\" data-elementor-id=\"5559\" class=\"elementor elementor-5559\" data-elementor-post-type=\"page\">\n\t\t\t\t\t\t<section class=\"elementor-section elementor-top-section elementor-element elementor-element-df844ad elementor-section-boxed elementor-section-height-default elementor-section-height-default\" data-id=\"df844ad\" data-element_type=\"section\" data-e-type=\"section\">\n\t\t\t\t\t\t<div class=\"elementor-container elementor-column-gap-default\">\n\t\t\t\t\t<div class=\"elementor-column elementor-col-100 elementor-top-column elementor-element elementor-element-a7c0971\" data-id=\"a7c0971\" data-element_type=\"column\" data-e-type=\"column\">\n\t\t\t<div class=\"elementor-widget-wrap elementor-element-populated\">\n\t\t\t\t\t\t<div class=\"elementor-element elementor-element-9db3440 elementor-widget elementor-widget-text-editor\" data-id=\"9db3440\" data-element_type=\"widget\" data-e-type=\"widget\" data-widget_type=\"text-editor.default\">\n\t\t\t\t<div class=\"elementor-widget-container\">\n\t\t\t\t\t\t\t\t\t<p>Der SVRM hat beschlossen, den kantonalen Rheumaligen, Krankenvereinigungen und anderen Vereinigungen die M\u00f6glichkeit zu bieten, Partnervereinigungen des SVRM zu werden, indem sie den Jahresbeitrag von 60 CHF bezahlen.<\/p><p><strong><u>Tarife 2024 :<\/u><\/strong><\/p><p><strong>Workshops - Kurse - Ausgehen<\/strong><\/p><ul><li>SFMV-Mitglieder = 10.- CHF<\/li><li>Mitglied von Partnerverb\u00e4nden = 20.- CHF<\/li><li>Nichtmitglieder = 45.- CHF<\/li><\/ul><p>\u00a0<\/p><p><strong>Seminare<\/strong><\/p><ul><li>SFMV-Mitglieder = 35.- CHF<\/li><li>Mitglied von Partnerverb\u00e4nden = 70.- CHF<\/li><li>Nichtmitglieder = 120.- CHF<\/li><\/ul><p>\u00a0<\/p><p>Dies wird es uns erm\u00f6glichen, Synergien zwischen den verschiedenen Ligen und Verb\u00e4nden zu finden, gemeinsame Veranstaltungen zu organisieren und sogar noch mehr.<\/p><p>\u00a0<\/p><p>Wir freuen uns sehr auf diese Zusammenarbeit, die viel Gutes versprechen wird.<\/p><p>\u00a0<\/p><p>Wir freuen uns sehr \u00fcber diese Kooperationen.<\/p>\t\t\t\t\t\t\t\t<\/div>\n\t\t\t\t<\/div>\n\t\t\t\t\t<\/div>\n\t\t<\/div>\n\t\t\t\t\t<\/div>\n\t\t<\/section>\n\t\t\t\t<\/div>","protected":false},"excerpt":{"rendered":"<p>L&rsquo;ASFM a d\u00e9cid\u00e9 d&rsquo;offrir la possibilit\u00e9 aux ligues cantonales contre le rhumatisme, aux associations de malades et autres associations, la possibilit\u00e9 de devenir associations partenaire de l\u2019ASFM en s\u2019acquittant de [&hellip;]<\/p>\n","protected":false},"author":1,"featured_media":0,"parent":0,"menu_order":0,"comment_status":"closed","ping_status":"closed","template":"","meta":{"footnotes":""},"class_list":["post-5559","page","type-page","status-publish","hentry"],"publishpress_future_action":{"enabled":false,"date":"2026-05-14 16:50:52","action":"change-status","newStatus":"draft","terms":[],"taxonomy":"","extraData":[]},"publishpress_future_workflow_manual_trigger":{"enabledWorkflows":[]},"_links":{"self":[{"href":"http:\/\/suisse-fibromyalgie.ch\/de\/wp-json\/wp\/v2\/pages\/5559","targetHints":{"allow":["GET"]}}],"collection":[{"href":"http:\/\/suisse-fibromyalgie.ch\/de\/wp-json\/wp\/v2\/pages"}],"about":[{"href":"http:\/\/suisse-fibromyalgie.ch\/de\/wp-json\/wp\/v2\/types\/page"}],"author":[{"embeddable":true,"href":"http:\/\/suisse-fibromyalgie.ch\/de\/wp-json\/wp\/v2\/users\/1"}],"replies":[{"embeddable":true,"href":"http:\/\/suisse-fibromyalgie.ch\/de\/wp-json\/wp\/v2\/comments?post=5559"}],"version-history":[{"count":0,"href":"http:\/\/suisse-fibromyalgie.ch\/de\/wp-json\/wp\/v2\/pages\/5559\/revisions"}],"wp:attachment":[{"href":"http:\/\/suisse-fibromyalgie.ch\/de\/wp-json\/wp\/v2\/media?parent=5559"}],"curies":[{"name":"wp","href":"https:\/\/api.w.org\/{rel}","templated":true}]}}