{"id":5364,"date":"2024-05-13T11:24:19","date_gmt":"2024-05-13T09:24:19","guid":{"rendered":"https:\/\/suisse-fibromyalgie.ch\/?page_id=5364"},"modified":"2024-05-13T11:27:13","modified_gmt":"2024-05-13T09:27:13","slug":"houlbert-de-coccola-caroline-regulation-emotionnelle","status":"publish","type":"page","link":"http:\/\/suisse-fibromyalgie.ch\/de\/houlbert-de-coccola-caroline-regulation-emotionnelle\/","title":{"rendered":"Houlbert de Coccola Caroline - Emotionsregulation"},"content":{"rendered":"<div data-elementor-type=\"wp-page\" data-elementor-id=\"5364\" class=\"elementor elementor-5364\" data-elementor-post-type=\"page\">\n\t\t\t\t\t\t<section class=\"elementor-section elementor-top-section elementor-element elementor-element-5643a8c elementor-section-boxed elementor-section-height-default elementor-section-height-default\" data-id=\"5643a8c\" data-element_type=\"section\" data-e-type=\"section\">\n\t\t\t\t\t\t<div class=\"elementor-container elementor-column-gap-default\">\n\t\t\t\t\t<div class=\"elementor-column elementor-col-50 elementor-top-column elementor-element elementor-element-c953588\" data-id=\"c953588\" data-element_type=\"column\" data-e-type=\"column\">\n\t\t\t<div class=\"elementor-widget-wrap elementor-element-populated\">\n\t\t\t\t\t\t<div class=\"elementor-element elementor-element-68ab1cb elementor-widget elementor-widget-image\" data-id=\"68ab1cb\" data-element_type=\"widget\" data-e-type=\"widget\" data-widget_type=\"image.default\">\n\t\t\t\t<div class=\"elementor-widget-container\">\n\t\t\t\t\t\t\t\t\t\t\t\t\t\t\t<img fetchpriority=\"high\" decoding=\"async\" width=\"683\" height=\"506\" src=\"https:\/\/suisse-fibromyalgie.ch\/wp-content\/uploads\/Caroline-Houlbert.jpg\" class=\"attachment-medium_large size-medium_large wp-image-5365\" alt=\"\" srcset=\"https:\/\/suisse-fibromyalgie.ch\/wp-content\/uploads\/Caroline-Houlbert.jpg 683w, https:\/\/suisse-fibromyalgie.ch\/wp-content\/uploads\/Caroline-Houlbert-300x222.jpg 300w, https:\/\/suisse-fibromyalgie.ch\/wp-content\/uploads\/Caroline-Houlbert-16x12.jpg 16w\" sizes=\"(max-width: 683px) 100vw, 683px\" \/>\t\t\t\t\t\t\t\t\t\t\t\t\t\t\t<\/div>\n\t\t\t\t<\/div>\n\t\t\t\t\t<\/div>\n\t\t<\/div>\n\t\t\t\t<div class=\"elementor-column elementor-col-50 elementor-top-column elementor-element elementor-element-d7d3abd\" data-id=\"d7d3abd\" data-element_type=\"column\" data-e-type=\"column\">\n\t\t\t<div class=\"elementor-widget-wrap elementor-element-populated\">\n\t\t\t\t\t\t<div class=\"elementor-element elementor-element-cdd1fa2 elementor-widget elementor-widget-text-editor\" data-id=\"cdd1fa2\" data-element_type=\"widget\" data-e-type=\"widget\" data-widget_type=\"text-editor.default\">\n\t\t\t\t<div class=\"elementor-widget-container\">\n\t\t\t\t\t\t\t\t\t<h1 class=\"bloc_title\">Akteur des eigenen Lebens werden<\/h1><div class=\"bloc_paragraph wiki texal_left\"><p><em>\"Ich wurde heute bei Sonnenaufgang geboren\".<\/em>\u00a0Jorge Bucay<\/p><p><strong>Ich bin Caroline Houlbert de Coccola und stelle Ihnen gerne meine F\u00e4higkeiten als Trainerin, Therapeutin, Rednerin, Dramaturgin und Regisseurin zur Verf\u00fcgung.<\/strong>. Als Einzelperson oder im Team begleite ich Sie dabei, gesunde und lebendige Beziehungen zu sich selbst und anderen wiederherzustellen, ich bilde Sie aus und \u00fcberwache Sie beim Erlernen von Kommunikation und emotionaler Regulierung, ich arbeite mit Ihnen zusammen, um Schulungen zu erstellen, Auff\u00fchrungen zu inszenieren oder ma\u00dfgeschneiderte Texte zu schreiben.<\/p><p>Was mein Leben und meine Arbeit leitet, ist der Wunsch, zu ges\u00fcnderen und lebendigeren Beziehungen zwischen den Menschen beizutragen ... Beziehungen, die Frieden bringen. Allzu oft verleiten uns unsere \u00c4ngste und Verletzungen dazu, den Austausch mit anderen als \"Kampf\" um Ideen zu betrachten, den es zu gewinnen gilt. Zu oft haben wir einen strengen, urteilenden Blick auf uns selbst und andere, der unsere Offenheit und unsere F\u00e4higkeiten einschr\u00e4nkt. Deshalb halte ich es f\u00fcr dringend erforderlich, alles zu tun, damit wir aus dem Dominanz\/Dominanz-Verh\u00e4ltnis ausbrechen, in die F\u00e4higkeit \"hineinwachsen\", auf uns selbst zu h\u00f6ren und so gesunde Beziehungen zu pflegen.<\/p><p><strong>Mein multidisziplin\u00e4rer Hintergrund und meine langj\u00e4hrige Erfahrung sowohl im Theaterbereich als auch in der therapeutischen Begleitung und Ausbildung<\/strong>\u00a0(\u00fcber 20 Jahre) erm\u00f6glichen es mir heute, Ihnen vielf\u00e4ltige, kreative, konkrete und leicht anzuwendende und zu vermittelnde Methoden und Werkzeuge anzubieten.<\/p><p>Je mehr ich mein Wissen, mein K\u00f6nnen und mein Sein n\u00e4hre, desto mehr sp\u00fcre ich das Bed\u00fcrfnis, zu mehr EINFACHHEIT bei der Auswahl meiner Werkzeuge und ihrer Anwendung zur\u00fcckzukehren, damit jede Person, die ich ausbilde und begleite, aus der Abh\u00e4ngigkeit herauskommt, Unterscheidungsverm\u00f6gen entwickelt, ihre eigene Autonomie entwickelt und so zum Akteur ihres Lebens wird.<\/p><\/div>\t\t\t\t\t\t\t\t<\/div>\n\t\t\t\t<\/div>\n\t\t\t\t\t<\/div>\n\t\t<\/div>\n\t\t\t\t\t<\/div>\n\t\t<\/section>\n\t\t\t\t<section class=\"elementor-section elementor-top-section elementor-element elementor-element-085dee4 elementor-section-boxed elementor-section-height-default elementor-section-height-default\" data-id=\"085dee4\" data-element_type=\"section\" data-e-type=\"section\">\n\t\t\t\t\t\t<div class=\"elementor-container elementor-column-gap-default\">\n\t\t\t\t\t<div class=\"elementor-column elementor-col-50 elementor-top-column elementor-element elementor-element-fd354a9\" data-id=\"fd354a9\" data-element_type=\"column\" data-e-type=\"column\">\n\t\t\t<div class=\"elementor-widget-wrap elementor-element-populated\">\n\t\t\t\t\t\t<div class=\"elementor-element elementor-element-056f65c elementor-widget elementor-widget-text-editor\" data-id=\"056f65c\" data-element_type=\"widget\" data-e-type=\"widget\" data-widget_type=\"text-editor.default\">\n\t\t\t\t<div class=\"elementor-widget-container\">\n\t\t\t\t\t\t\t\t\t<p><strong>Emotionale Regulierung<\/strong><\/p><p><strong>Beziehungsorientierte Kommunikation<\/strong><\/p>\t\t\t\t\t\t\t\t<\/div>\n\t\t\t\t<\/div>\n\t\t\t\t\t<\/div>\n\t\t<\/div>\n\t\t\t\t<div class=\"elementor-column elementor-col-50 elementor-top-column elementor-element elementor-element-f2fd1cd\" data-id=\"f2fd1cd\" data-element_type=\"column\" data-e-type=\"column\">\n\t\t\t<div class=\"elementor-widget-wrap elementor-element-populated\">\n\t\t\t\t\t\t<div class=\"elementor-element elementor-element-eb4a11b elementor-widget elementor-widget-text-editor\" data-id=\"eb4a11b\" data-element_type=\"widget\" data-e-type=\"widget\" data-widget_type=\"text-editor.default\">\n\t\t\t\t<div class=\"elementor-widget-container\">\n\t\t\t\t\t\t\t\t\t<p><a href=\"https:\/\/www.carolinehoulbert.ch\/\" target=\"_blank\" rel=\"noopener\">Klicken Sie auf diesen Link<\/a><\/p>\t\t\t\t\t\t\t\t<\/div>\n\t\t\t\t<\/div>\n\t\t\t\t\t<\/div>\n\t\t<\/div>\n\t\t\t\t\t<\/div>\n\t\t<\/section>\n\t\t\t\t<\/div>","protected":false},"excerpt":{"rendered":"<p>Devenir acteur de sa vie \u00ab\u00a0Je suis n\u00e9e aujourd&rsquo;hui au lever du jour.\u00a0\u00bb\u00a0Jorge Bucay Je suis Caroline Houlbert de Coccola et mets volontiers \u00e0 votre service mes comp\u00e9tences de formatrice, [&hellip;]<\/p>\n","protected":false},"author":1,"featured_media":0,"parent":0,"menu_order":0,"comment_status":"closed","ping_status":"closed","template":"","meta":{"footnotes":""},"class_list":["post-5364","page","type-page","status-publish","hentry"],"publishpress_future_action":{"enabled":false,"date":"2026-05-21 23:10:32","action":"change-status","newStatus":"draft","terms":[],"taxonomy":"","extraData":[]},"publishpress_future_workflow_manual_trigger":{"enabledWorkflows":[]},"_links":{"self":[{"href":"http:\/\/suisse-fibromyalgie.ch\/de\/wp-json\/wp\/v2\/pages\/5364","targetHints":{"allow":["GET"]}}],"collection":[{"href":"http:\/\/suisse-fibromyalgie.ch\/de\/wp-json\/wp\/v2\/pages"}],"about":[{"href":"http:\/\/suisse-fibromyalgie.ch\/de\/wp-json\/wp\/v2\/types\/page"}],"author":[{"embeddable":true,"href":"http:\/\/suisse-fibromyalgie.ch\/de\/wp-json\/wp\/v2\/users\/1"}],"replies":[{"embeddable":true,"href":"http:\/\/suisse-fibromyalgie.ch\/de\/wp-json\/wp\/v2\/comments?post=5364"}],"version-history":[{"count":0,"href":"http:\/\/suisse-fibromyalgie.ch\/de\/wp-json\/wp\/v2\/pages\/5364\/revisions"}],"wp:attachment":[{"href":"http:\/\/suisse-fibromyalgie.ch\/de\/wp-json\/wp\/v2\/media?parent=5364"}],"curies":[{"name":"wp","href":"https:\/\/api.w.org\/{rel}","templated":true}]}}