{"id":5307,"date":"2024-05-06T18:31:31","date_gmt":"2024-05-06T16:31:31","guid":{"rendered":"https:\/\/suisse-fibromyalgie.ch\/?page_id=5307"},"modified":"2024-05-06T18:55:18","modified_gmt":"2024-05-06T16:55:18","slug":"journee-decouverte-de-lart-therapie-du-20-avril-2024","status":"publish","type":"page","link":"http:\/\/suisse-fibromyalgie.ch\/de\/journee-decouverte-de-lart-therapie-du-20-avril-2024\/","title":{"rendered":"Kunsttherapie-Schnuppertag am 20. April 2024"},"content":{"rendered":"<div data-elementor-type=\"wp-page\" data-elementor-id=\"5307\" class=\"elementor elementor-5307\" data-elementor-post-type=\"page\">\n\t\t\t\t\t\t<section class=\"elementor-section elementor-top-section elementor-element elementor-element-deae11b elementor-section-boxed elementor-section-height-default elementor-section-height-default\" data-id=\"deae11b\" data-element_type=\"section\" data-e-type=\"section\">\n\t\t\t\t\t\t<div class=\"elementor-container elementor-column-gap-default\">\n\t\t\t\t\t<div class=\"elementor-column elementor-col-100 elementor-top-column elementor-element elementor-element-b5d783b\" data-id=\"b5d783b\" data-element_type=\"column\" data-e-type=\"column\">\n\t\t\t<div class=\"elementor-widget-wrap elementor-element-populated\">\n\t\t\t\t\t\t<div class=\"elementor-element elementor-element-7253295 elementor-widget elementor-widget-heading\" data-id=\"7253295\" data-element_type=\"widget\" data-e-type=\"widget\" data-widget_type=\"heading.default\">\n\t\t\t\t<div class=\"elementor-widget-container\">\n\t\t\t\t\t<h2 class=\"elementor-heading-title elementor-size-default\">Dieser Artikel war Gegenstand eines Vortrags auf dem Symposium, das von der Schweizerischen Fibromyalgie-Vereinigung SFMV in Zusammenarbeit mit ARAET, APSAT und ARTE-SI am 20. April 2024 am CHUV in Lausanne organisiert wurde.<\/h2>\t\t\t\t<\/div>\n\t\t\t\t<\/div>\n\t\t\t\t\t<\/div>\n\t\t<\/div>\n\t\t\t\t\t<\/div>\n\t\t<\/section>\n\t\t\t\t<section class=\"elementor-section elementor-top-section elementor-element elementor-element-f997e45 elementor-section-boxed elementor-section-height-default elementor-section-height-default\" data-id=\"f997e45\" data-element_type=\"section\" data-e-type=\"section\">\n\t\t\t\t\t\t<div class=\"elementor-container elementor-column-gap-default\">\n\t\t\t\t\t<div class=\"elementor-column elementor-col-50 elementor-top-column elementor-element elementor-element-aa16008\" data-id=\"aa16008\" data-element_type=\"column\" data-e-type=\"column\">\n\t\t\t<div class=\"elementor-widget-wrap elementor-element-populated\">\n\t\t\t\t\t\t<div class=\"elementor-element elementor-element-fd0a769 elementor-widget elementor-widget-image\" data-id=\"fd0a769\" data-element_type=\"widget\" data-e-type=\"widget\" data-widget_type=\"image.default\">\n\t\t\t\t<div class=\"elementor-widget-container\">\n\t\t\t\t\t\t\t\t\t\t\t\t\t\t\t<img fetchpriority=\"high\" decoding=\"async\" width=\"300\" height=\"206\" src=\"https:\/\/suisse-fibromyalgie.ch\/wp-content\/uploads\/image-1-300x206.jpeg\" class=\"attachment-medium size-medium wp-image-5308\" alt=\"\" srcset=\"https:\/\/suisse-fibromyalgie.ch\/wp-content\/uploads\/image-1-300x206.jpeg 300w, https:\/\/suisse-fibromyalgie.ch\/wp-content\/uploads\/image-1-1024x704.jpeg 1024w, https:\/\/suisse-fibromyalgie.ch\/wp-content\/uploads\/image-1-768x528.jpeg 768w, https:\/\/suisse-fibromyalgie.ch\/wp-content\/uploads\/image-1-1536x1056.jpeg 1536w, https:\/\/suisse-fibromyalgie.ch\/wp-content\/uploads\/image-1-2048x1408.jpeg 2048w, https:\/\/suisse-fibromyalgie.ch\/wp-content\/uploads\/image-1-18x12.jpeg 18w\" sizes=\"(max-width: 300px) 100vw, 300px\" \/>\t\t\t\t\t\t\t\t\t\t\t\t\t\t\t<\/div>\n\t\t\t\t<\/div>\n\t\t\t\t\t<\/div>\n\t\t<\/div>\n\t\t\t\t<div class=\"elementor-column elementor-col-50 elementor-top-column elementor-element elementor-element-933bea2\" data-id=\"933bea2\" data-element_type=\"column\" data-e-type=\"column\">\n\t\t\t<div class=\"elementor-widget-wrap elementor-element-populated\">\n\t\t\t\t\t\t<div class=\"elementor-element elementor-element-b12db0c elementor-widget elementor-widget-image\" data-id=\"b12db0c\" data-element_type=\"widget\" data-e-type=\"widget\" data-widget_type=\"image.default\">\n\t\t\t\t<div class=\"elementor-widget-container\">\n\t\t\t\t\t\t\t\t\t\t\t\t\t\t\t<img decoding=\"async\" width=\"300\" height=\"215\" src=\"https:\/\/suisse-fibromyalgie.ch\/wp-content\/uploads\/image-3-300x215.jpeg\" class=\"attachment-medium size-medium wp-image-5309\" alt=\"\" srcset=\"https:\/\/suisse-fibromyalgie.ch\/wp-content\/uploads\/image-3-300x215.jpeg 300w, https:\/\/suisse-fibromyalgie.ch\/wp-content\/uploads\/image-3-1024x733.jpeg 1024w, https:\/\/suisse-fibromyalgie.ch\/wp-content\/uploads\/image-3-768x550.jpeg 768w, https:\/\/suisse-fibromyalgie.ch\/wp-content\/uploads\/image-3-1536x1099.jpeg 1536w, https:\/\/suisse-fibromyalgie.ch\/wp-content\/uploads\/image-3-2048x1465.jpeg 2048w, https:\/\/suisse-fibromyalgie.ch\/wp-content\/uploads\/image-3-18x12.jpeg 18w\" sizes=\"(max-width: 300px) 100vw, 300px\" \/>\t\t\t\t\t\t\t\t\t\t\t\t\t\t\t<\/div>\n\t\t\t\t<\/div>\n\t\t\t\t\t<\/div>\n\t\t<\/div>\n\t\t\t\t\t<\/div>\n\t\t<\/section>\n\t\t\t\t<section class=\"elementor-section elementor-top-section elementor-element elementor-element-958e6ec elementor-section-boxed elementor-section-height-default elementor-section-height-default\" data-id=\"958e6ec\" data-element_type=\"section\" data-e-type=\"section\">\n\t\t\t\t\t\t<div class=\"elementor-container elementor-column-gap-default\">\n\t\t\t\t\t<div class=\"elementor-column elementor-col-100 elementor-top-column elementor-element elementor-element-afefd1e\" data-id=\"afefd1e\" data-element_type=\"column\" data-e-type=\"column\">\n\t\t\t<div class=\"elementor-widget-wrap elementor-element-populated\">\n\t\t\t\t\t\t<div class=\"elementor-element elementor-element-5f0ab28 elementor-widget elementor-widget-text-editor\" data-id=\"5f0ab28\" data-element_type=\"widget\" data-e-type=\"widget\" data-widget_type=\"text-editor.default\">\n\t\t\t\t<div class=\"elementor-widget-container\">\n\t\t\t\t\t\t\t\t\t<h5 style=\"text-align: center;\"><strong>Um den Artikel \u00fcber die Studie zwischen chronischen Schmerzen und Kunsttherapie herunterzuladen, klicken Sie auf den unten stehenden Link:<\/strong><\/h5><p style=\"text-align: center;\"><strong><a href=\"https:\/\/suisse-fibromyalgie.ch\/wp-content\/uploads\/AT-et-DC-article-Pedrinis.pdf\" target=\"_blank\" rel=\"noopener\">AT und DC Artikel Pedrinis<\/a><\/strong><\/p>\t\t\t\t\t\t\t\t<\/div>\n\t\t\t\t<\/div>\n\t\t\t\t\t<\/div>\n\t\t<\/div>\n\t\t\t\t\t<\/div>\n\t\t<\/section>\n\t\t\t\t<section class=\"elementor-section elementor-top-section elementor-element elementor-element-f581010 elementor-section-boxed elementor-section-height-default elementor-section-height-default\" data-id=\"f581010\" data-element_type=\"section\" data-e-type=\"section\">\n\t\t\t\t\t\t<div class=\"elementor-container elementor-column-gap-default\">\n\t\t\t\t\t<div class=\"elementor-column elementor-col-50 elementor-top-column elementor-element elementor-element-1099e46\" data-id=\"1099e46\" data-element_type=\"column\" data-e-type=\"column\">\n\t\t\t<div class=\"elementor-widget-wrap elementor-element-populated\">\n\t\t\t\t\t\t<div class=\"elementor-element elementor-element-cecbfda elementor-widget elementor-widget-image\" data-id=\"cecbfda\" data-element_type=\"widget\" data-e-type=\"widget\" data-widget_type=\"image.default\">\n\t\t\t\t<div class=\"elementor-widget-container\">\n\t\t\t\t\t\t\t\t\t\t\t\t\t\t\t<img decoding=\"async\" src=\"https:\/\/suisse-fibromyalgie.ch\/wp-content\/uploads\/image-2-scaled.jpeg\" title=\"\" alt=\"\" loading=\"lazy\" \/>\t\t\t\t\t\t\t\t\t\t\t\t\t\t\t<\/div>\n\t\t\t\t<\/div>\n\t\t\t\t\t<\/div>\n\t\t<\/div>\n\t\t\t\t<div class=\"elementor-column elementor-col-50 elementor-top-column elementor-element elementor-element-9d6b07f\" data-id=\"9d6b07f\" data-element_type=\"column\" data-e-type=\"column\">\n\t\t\t<div class=\"elementor-widget-wrap elementor-element-populated\">\n\t\t\t\t\t\t<div class=\"elementor-element elementor-element-8b3db1f elementor-widget elementor-widget-image\" data-id=\"8b3db1f\" data-element_type=\"widget\" data-e-type=\"widget\" data-widget_type=\"image.default\">\n\t\t\t\t<div class=\"elementor-widget-container\">\n\t\t\t\t\t\t\t\t\t\t\t\t\t\t\t<img decoding=\"async\" width=\"300\" height=\"211\" src=\"https:\/\/suisse-fibromyalgie.ch\/wp-content\/uploads\/image-4--300x211.jpeg\" class=\"attachment-medium size-medium wp-image-5312\" alt=\"\" srcset=\"https:\/\/suisse-fibromyalgie.ch\/wp-content\/uploads\/image-4--300x211.jpeg 300w, https:\/\/suisse-fibromyalgie.ch\/wp-content\/uploads\/image-4--1024x722.jpeg 1024w, https:\/\/suisse-fibromyalgie.ch\/wp-content\/uploads\/image-4--768x541.jpeg 768w, https:\/\/suisse-fibromyalgie.ch\/wp-content\/uploads\/image-4--1536x1083.jpeg 1536w, https:\/\/suisse-fibromyalgie.ch\/wp-content\/uploads\/image-4--2048x1443.jpeg 2048w, https:\/\/suisse-fibromyalgie.ch\/wp-content\/uploads\/image-4--18x12.jpeg 18w\" sizes=\"(max-width: 300px) 100vw, 300px\" \/>\t\t\t\t\t\t\t\t\t\t\t\t\t\t\t<\/div>\n\t\t\t\t<\/div>\n\t\t\t\t\t<\/div>\n\t\t<\/div>\n\t\t\t\t\t<\/div>\n\t\t<\/section>\n\t\t\t\t<section class=\"elementor-section elementor-top-section elementor-element elementor-element-8242bdd elementor-section-boxed elementor-section-height-default elementor-section-height-default\" data-id=\"8242bdd\" data-element_type=\"section\" data-e-type=\"section\">\n\t\t\t\t\t\t<div class=\"elementor-container elementor-column-gap-default\">\n\t\t\t\t\t<div class=\"elementor-column elementor-col-100 elementor-top-column elementor-element elementor-element-4810210\" data-id=\"4810210\" data-element_type=\"column\" data-e-type=\"column\">\n\t\t\t<div class=\"elementor-widget-wrap elementor-element-populated\">\n\t\t\t\t\t\t<div class=\"elementor-element elementor-element-f78b828 elementor-widget elementor-widget-heading\" data-id=\"f78b828\" data-element_type=\"widget\" data-e-type=\"widget\" data-widget_type=\"heading.default\">\n\t\t\t\t<div class=\"elementor-widget-container\">\n\t\t\t\t\t<h2 class=\"elementor-heading-title elementor-size-default\">Wenn Sie mehr \u00fcber Kunsttherapie erfahren m\u00f6chten, empfehlen wir Ihnen dringend, die Websites der Verb\u00e4nde zu besuchen, die am Entdeckungstag vom 20. April 2024 teilgenommen haben. Unten finden Sie die direkten Links zu ihren Websites:<\/h2>\t\t\t\t<\/div>\n\t\t\t\t<\/div>\n\t\t\t\t\t<\/div>\n\t\t<\/div>\n\t\t\t\t\t<\/div>\n\t\t<\/section>\n\t\t\t\t<section class=\"elementor-section elementor-top-section elementor-element elementor-element-06ca7f3 elementor-section-boxed elementor-section-height-default elementor-section-height-default\" data-id=\"06ca7f3\" data-element_type=\"section\" data-e-type=\"section\">\n\t\t\t\t\t\t<div class=\"elementor-container elementor-column-gap-default\">\n\t\t\t\t\t<div class=\"elementor-column elementor-col-100 elementor-top-column elementor-element elementor-element-02f9031\" data-id=\"02f9031\" data-element_type=\"column\" data-e-type=\"column\">\n\t\t\t<div class=\"elementor-widget-wrap elementor-element-populated\">\n\t\t\t\t\t\t<div class=\"elementor-element elementor-element-4d6e31e elementor-widget elementor-widget-spacer\" data-id=\"4d6e31e\" data-element_type=\"widget\" data-e-type=\"widget\" data-widget_type=\"spacer.default\">\n\t\t\t\t<div class=\"elementor-widget-container\">\n\t\t\t\t\t\t\t<div class=\"elementor-spacer\">\n\t\t\t<div class=\"elementor-spacer-inner\"><\/div>\n\t\t<\/div>\n\t\t\t\t\t\t<\/div>\n\t\t\t\t<\/div>\n\t\t\t\t\t<\/div>\n\t\t<\/div>\n\t\t\t\t\t<\/div>\n\t\t<\/section>\n\t\t\t\t<section class=\"elementor-section elementor-top-section elementor-element elementor-element-c6b9ed6 elementor-section-boxed elementor-section-height-default elementor-section-height-default\" data-id=\"c6b9ed6\" data-element_type=\"section\" data-e-type=\"section\">\n\t\t\t\t\t\t<div class=\"elementor-container elementor-column-gap-default\">\n\t\t\t\t\t<div class=\"elementor-column elementor-col-50 elementor-top-column elementor-element elementor-element-86f451c\" data-id=\"86f451c\" data-element_type=\"column\" data-e-type=\"column\">\n\t\t\t<div class=\"elementor-widget-wrap elementor-element-populated\">\n\t\t\t\t\t\t<div class=\"elementor-element elementor-element-ac568ad elementor-widget elementor-widget-text-editor\" data-id=\"ac568ad\" data-element_type=\"widget\" data-e-type=\"widget\" data-widget_type=\"text-editor.default\">\n\t\t\t\t<div class=\"elementor-widget-container\">\n\t\t\t\t\t\t\t\t\t<p><img loading=\"lazy\" decoding=\"async\" class=\"alignnone wp-image-5313\" src=\"https:\/\/suisse-fibromyalgie.ch\/wp-content\/uploads\/ARAET-300x105.jpg\" alt=\"\" width=\"139\" height=\"49\" srcset=\"https:\/\/suisse-fibromyalgie.ch\/wp-content\/uploads\/ARAET-300x105.jpg 300w, https:\/\/suisse-fibromyalgie.ch\/wp-content\/uploads\/ARAET-18x6.jpg 18w, https:\/\/suisse-fibromyalgie.ch\/wp-content\/uploads\/ARAET.jpg 306w\" sizes=\"(max-width: 139px) 100vw, 139px\" \/><span style=\"color: #ff0000;\"><strong>A<\/strong><\/span>ssoziation <span style=\"color: #ff0000;\"><strong>R<\/strong><\/span>omande <span style=\"color: #ff0000;\"><strong>A<\/strong><\/span>rts <span style=\"color: #ff0000;\"><strong>E<\/strong><\/span>xpression <span style=\"color: #ff0000;\"><strong>T<\/strong><\/span>Therapien<\/p><p><span style=\"color: #993300;\"><strong><img loading=\"lazy\" decoding=\"async\" class=\"alignnone wp-image-5314\" src=\"https:\/\/suisse-fibromyalgie.ch\/wp-content\/uploads\/APSAT-300x137.jpg\" alt=\"\" width=\"127\" height=\"58\" srcset=\"https:\/\/suisse-fibromyalgie.ch\/wp-content\/uploads\/APSAT-300x137.jpg 300w, https:\/\/suisse-fibromyalgie.ch\/wp-content\/uploads\/APSAT-18x8.jpg 18w, https:\/\/suisse-fibromyalgie.ch\/wp-content\/uploads\/APSAT.jpg 338w\" sizes=\"(max-width: 127px) 100vw, 127px\" \/>A<\/strong><\/span>ssoziation <strong><span style=\"color: #993300;\">P<\/span><\/strong>rofessionell <span style=\"color: #993300;\"><strong>S<\/strong><\/span>uisse des <strong><span style=\"color: #993300;\">A<\/span><\/strong>rt-<span style=\"color: #993300;\"><strong>T<\/strong><\/span>Herapeuten<\/p><p><img loading=\"lazy\" decoding=\"async\" class=\"alignnone wp-image-5315\" src=\"https:\/\/suisse-fibromyalgie.ch\/wp-content\/uploads\/ARTE-SI.jpg\" alt=\"\" width=\"113\" height=\"101\" srcset=\"https:\/\/suisse-fibromyalgie.ch\/wp-content\/uploads\/ARTE-SI.jpg 297w, https:\/\/suisse-fibromyalgie.ch\/wp-content\/uploads\/ARTE-SI-14x12.jpg 14w\" sizes=\"(max-width: 113px) 100vw, 113px\" \/>Associazione Artiterapie della Svizzera Italiana (Kunsttherapieverband der italienischen Schweiz)<\/p>\t\t\t\t\t\t\t\t<\/div>\n\t\t\t\t<\/div>\n\t\t\t\t\t<\/div>\n\t\t<\/div>\n\t\t\t\t<div class=\"elementor-column elementor-col-50 elementor-top-column elementor-element elementor-element-27a4c8f\" data-id=\"27a4c8f\" data-element_type=\"column\" data-e-type=\"column\">\n\t\t\t<div class=\"elementor-widget-wrap elementor-element-populated\">\n\t\t\t\t\t\t<div class=\"elementor-element elementor-element-4d97af6 elementor-widget elementor-widget-text-editor\" data-id=\"4d97af6\" data-element_type=\"widget\" data-e-type=\"widget\" data-widget_type=\"text-editor.default\">\n\t\t\t\t<div class=\"elementor-widget-container\">\n\t\t\t\t\t\t\t\t\t<p>\u00a0<\/p><p><a href=\"https:\/\/araet.ch\/\" target=\"_blank\" rel=\"noopener\">araet.ch<\/a><\/p><p>\u00a0<\/p><p><a href=\"https:\/\/apsat.ch\/\" target=\"_blank\" rel=\"noopener\">apsat.ch<\/a><\/p><p>\u00a0<\/p><p>\u00a0<\/p><p><a href=\"https:\/\/www.arte-si.ch\" target=\"_blank\" rel=\"noopener\">arte-si.ch<\/a><\/p>\t\t\t\t\t\t\t\t<\/div>\n\t\t\t\t<\/div>\n\t\t\t\t\t<\/div>\n\t\t<\/div>\n\t\t\t\t\t<\/div>\n\t\t<\/section>\n\t\t\t\t<\/div>","protected":false},"excerpt":{"rendered":"<p>Cet article a fait l\u2019objet d\u2019une conf\u00e9rence lors du symposium organis\u00e9 par l\u2019Association Suisse des fibromyalgiques ASFM, en collaboration avec ARAET, APSAT et ARTE-SI qui \u00e0 eu lieu le 20 [&hellip;]<\/p>\n","protected":false},"author":1,"featured_media":0,"parent":0,"menu_order":0,"comment_status":"closed","ping_status":"closed","template":"","meta":{"footnotes":""},"class_list":["post-5307","page","type-page","status-publish","hentry"],"publishpress_future_action":{"enabled":false,"date":"2026-05-13 16:10:29","action":"change-status","newStatus":"draft","terms":[],"taxonomy":"","extraData":[]},"publishpress_future_workflow_manual_trigger":{"enabledWorkflows":[]},"_links":{"self":[{"href":"http:\/\/suisse-fibromyalgie.ch\/de\/wp-json\/wp\/v2\/pages\/5307","targetHints":{"allow":["GET"]}}],"collection":[{"href":"http:\/\/suisse-fibromyalgie.ch\/de\/wp-json\/wp\/v2\/pages"}],"about":[{"href":"http:\/\/suisse-fibromyalgie.ch\/de\/wp-json\/wp\/v2\/types\/page"}],"author":[{"embeddable":true,"href":"http:\/\/suisse-fibromyalgie.ch\/de\/wp-json\/wp\/v2\/users\/1"}],"replies":[{"embeddable":true,"href":"http:\/\/suisse-fibromyalgie.ch\/de\/wp-json\/wp\/v2\/comments?post=5307"}],"version-history":[{"count":0,"href":"http:\/\/suisse-fibromyalgie.ch\/de\/wp-json\/wp\/v2\/pages\/5307\/revisions"}],"wp:attachment":[{"href":"http:\/\/suisse-fibromyalgie.ch\/de\/wp-json\/wp\/v2\/media?parent=5307"}],"curies":[{"name":"wp","href":"https:\/\/api.w.org\/{rel}","templated":true}]}}