{"id":5284,"date":"2024-05-06T17:16:10","date_gmt":"2024-05-06T15:16:10","guid":{"rendered":"https:\/\/suisse-fibromyalgie.ch\/?page_id=5284"},"modified":"2025-03-01T16:34:45","modified_gmt":"2025-03-01T15:34:45","slug":"dr-jean-philippe-richter","status":"publish","type":"page","link":"http:\/\/suisse-fibromyalgie.ch\/de\/dr-jean-philippe-richter\/","title":{"rendered":"Dr. Jean-Philippe Richter - Praktischer Arzt - Mikro-Ern\u00e4hrungswissenschaftler -."},"content":{"rendered":"<div data-elementor-type=\"wp-page\" data-elementor-id=\"5284\" class=\"elementor elementor-5284\" data-elementor-post-type=\"page\">\n\t\t\t\t\t\t<section class=\"elementor-section elementor-top-section elementor-element elementor-element-5643a8c elementor-section-boxed elementor-section-height-default elementor-section-height-default\" data-id=\"5643a8c\" data-element_type=\"section\" data-e-type=\"section\">\n\t\t\t\t\t\t<div class=\"elementor-container elementor-column-gap-default\">\n\t\t\t\t\t<div class=\"elementor-column elementor-col-50 elementor-top-column elementor-element elementor-element-c953588\" data-id=\"c953588\" data-element_type=\"column\" data-e-type=\"column\">\n\t\t\t<div class=\"elementor-widget-wrap elementor-element-populated\">\n\t\t\t\t\t\t<div class=\"elementor-element elementor-element-68ab1cb elementor-widget elementor-widget-image\" data-id=\"68ab1cb\" data-element_type=\"widget\" data-e-type=\"widget\" data-widget_type=\"image.default\">\n\t\t\t\t<div class=\"elementor-widget-container\">\n\t\t\t\t\t\t\t\t\t\t\t\t\t\t\t<img fetchpriority=\"high\" decoding=\"async\" width=\"265\" height=\"300\" src=\"https:\/\/suisse-fibromyalgie.ch\/wp-content\/uploads\/Dr-Richter-24-265x300.jpg\" class=\"attachment-medium size-medium wp-image-7054\" alt=\"\" srcset=\"https:\/\/suisse-fibromyalgie.ch\/wp-content\/uploads\/Dr-Richter-24-265x300.jpg 265w, https:\/\/suisse-fibromyalgie.ch\/wp-content\/uploads\/Dr-Richter-24-11x12.jpg 11w, https:\/\/suisse-fibromyalgie.ch\/wp-content\/uploads\/Dr-Richter-24.jpg 764w\" sizes=\"(max-width: 265px) 100vw, 265px\" \/>\t\t\t\t\t\t\t\t\t\t\t\t\t\t\t<\/div>\n\t\t\t\t<\/div>\n\t\t\t\t\t<\/div>\n\t\t<\/div>\n\t\t\t\t<div class=\"elementor-column elementor-col-50 elementor-top-column elementor-element elementor-element-d7d3abd\" data-id=\"d7d3abd\" data-element_type=\"column\" data-e-type=\"column\">\n\t\t\t<div class=\"elementor-widget-wrap elementor-element-populated\">\n\t\t\t\t\t\t<div class=\"elementor-element elementor-element-cdd1fa2 elementor-widget elementor-widget-text-editor\" data-id=\"cdd1fa2\" data-element_type=\"widget\" data-e-type=\"widget\" data-widget_type=\"text-editor.default\">\n\t\t\t\t<div class=\"elementor-widget-container\">\n\t\t\t\t\t\t\t\t\t<p class=\"font_8 wixui-rich-text__text\">Fach\u00e4rztin f\u00fcr Innere Medizin, Mikro-Ern\u00e4hrungsberaterin, aber auch Inhaberin der franz\u00f6sischen Facharztdiplome f\u00fcr Allgemeinmedizin, Geriatrie, Sportmedizin und viele andere, praktiziert in ihrer Praxis in Sion im Wallis.<\/p><p>Dort praktiziert er eine ganzheitliche, integrative Medizin, die die Gesamtheit des Patienten ber\u00fccksichtigt.<\/p><p>Er h\u00f6rt seinen Patienten zu und bietet hochspezialisierte klinische und biologische Untersuchungen an, um die tieferen Ursachen der Beschwerden zu finden, die die Patienten haben.<\/p><p>Au\u00dferdem ist er Gr\u00fcndungspr\u00e4sident der Cura Vita Schule\u00a0<a href=\"https:\/\/cura-vita.school\/\" target=\"_blank\" rel=\"noopener\">(Um mehr zu erfahren, klicken Sie auf diesen Link)<\/a>\u00a0in Conthey, die die M\u00f6glichkeit bietet, ein ASCA-anerkannter Nutritherapeut, ein in ganz Europa anerkanntes Diplom, oder ganz einfach ein Ern\u00e4hrungsberater zu werden.<\/p><p>Er gr\u00fcndete NFB Healthcare\u00a0<a href=\"https:\/\/cura-vita.school\/\" target=\"_blank\" rel=\"noopener\">(Um mehr zu erfahren, klicken Sie auf diesen Link)<\/a>\u00a0Unternehmen, das unter seiner vollst\u00e4ndigen Kontrolle Nahrungserg\u00e4nzungsmittel und di\u00e4tetische L\u00f6sungen entwickelt.<\/p><p>Er bietet Vortr\u00e4ge zum Thema Ern\u00e4hrung in der Schweiz, Frankreich, Italien...<\/p><p>Er ist au\u00dferdem Vizepr\u00e4sident der ASFM.<\/p>\t\t\t\t\t\t\t\t<\/div>\n\t\t\t\t<\/div>\n\t\t\t\t\t<\/div>\n\t\t<\/div>\n\t\t\t\t\t<\/div>\n\t\t<\/section>\n\t\t\t\t<\/div>","protected":false},"excerpt":{"rendered":"<p>M\u00e9decin sp\u00e9cialiste en m\u00e9decine interne, micro nutritionniste, mais aussi titulaire en France des dipl\u00f4mes de sp\u00e9cialiste en M\u00e9decine G\u00e9n\u00e9rale, de G\u00e9riatrie, M\u00e9decine du sport et bien d&rsquo;autres, exerce dans son [&hellip;]<\/p>\n","protected":false},"author":1,"featured_media":7054,"parent":0,"menu_order":0,"comment_status":"closed","ping_status":"closed","template":"","meta":{"footnotes":""},"class_list":["post-5284","page","type-page","status-publish","has-post-thumbnail","hentry"],"publishpress_future_action":{"enabled":false,"date":"2026-04-24 11:39:47","action":"change-status","newStatus":"draft","terms":[],"taxonomy":"","extraData":[]},"publishpress_future_workflow_manual_trigger":{"enabledWorkflows":[]},"_links":{"self":[{"href":"http:\/\/suisse-fibromyalgie.ch\/de\/wp-json\/wp\/v2\/pages\/5284","targetHints":{"allow":["GET"]}}],"collection":[{"href":"http:\/\/suisse-fibromyalgie.ch\/de\/wp-json\/wp\/v2\/pages"}],"about":[{"href":"http:\/\/suisse-fibromyalgie.ch\/de\/wp-json\/wp\/v2\/types\/page"}],"author":[{"embeddable":true,"href":"http:\/\/suisse-fibromyalgie.ch\/de\/wp-json\/wp\/v2\/users\/1"}],"replies":[{"embeddable":true,"href":"http:\/\/suisse-fibromyalgie.ch\/de\/wp-json\/wp\/v2\/comments?post=5284"}],"version-history":[{"count":8,"href":"http:\/\/suisse-fibromyalgie.ch\/de\/wp-json\/wp\/v2\/pages\/5284\/revisions"}],"predecessor-version":[{"id":8215,"href":"http:\/\/suisse-fibromyalgie.ch\/de\/wp-json\/wp\/v2\/pages\/5284\/revisions\/8215"}],"wp:featuredmedia":[{"embeddable":true,"href":"http:\/\/suisse-fibromyalgie.ch\/de\/wp-json\/wp\/v2\/media\/7054"}],"wp:attachment":[{"href":"http:\/\/suisse-fibromyalgie.ch\/de\/wp-json\/wp\/v2\/media?parent=5284"}],"curies":[{"name":"wp","href":"https:\/\/api.w.org\/{rel}","templated":true}]}}