{"id":3670,"date":"2023-03-06T12:28:37","date_gmt":"2023-03-06T11:28:37","guid":{"rendered":"https:\/\/suisse-fibromyalgie.ch\/?page_id=3670"},"modified":"2025-07-10T11:34:01","modified_gmt":"2025-07-10T09:34:01","slug":"votre-don-est-tres-important-pour-nous","status":"publish","type":"page","link":"http:\/\/suisse-fibromyalgie.ch\/de\/votre-don-est-tres-important-pour-nous\/","title":{"rendered":"Ihre Spende ist uns sehr wichtig"},"content":{"rendered":"<div data-elementor-type=\"wp-page\" data-elementor-id=\"3670\" class=\"elementor elementor-3670\" data-elementor-post-type=\"page\">\n\t\t\t\t\t\t<section class=\"elementor-section elementor-top-section elementor-element elementor-element-791811a elementor-section-boxed elementor-section-height-default elementor-section-height-default\" data-id=\"791811a\" data-element_type=\"section\" data-e-type=\"section\">\n\t\t\t\t\t\t<div class=\"elementor-container elementor-column-gap-default\">\n\t\t\t\t\t<div class=\"elementor-column elementor-col-50 elementor-top-column elementor-element elementor-element-be7301c\" data-id=\"be7301c\" data-element_type=\"column\" data-e-type=\"column\">\n\t\t\t<div class=\"elementor-widget-wrap elementor-element-populated\">\n\t\t\t\t\t\t<div class=\"elementor-element elementor-element-f07c3cf elementor-widget elementor-widget-text-editor\" data-id=\"f07c3cf\" data-element_type=\"widget\" data-e-type=\"widget\" data-widget_type=\"text-editor.default\">\n\t\t\t\t<div class=\"elementor-widget-container\">\n\t\t\t\t\t\t\t\t\t<h1><span style=\"color: #000080;\">Ihr Beitrag<\/span><\/h1><h3>Ist von enormer Bedeutung f\u00fcr den SVFM!<\/h3><p>Es gibt verschiedene M\u00f6glichkeiten, wie Sie sich pers\u00f6nlich engagieren k\u00f6nnen, um den SVFM zu unterst\u00fctzen.<\/p><p>Durch Ihre finanzielle Unterst\u00fctzung erm\u00f6glichen Sie es uns, umfassender und effektiver zu informieren, zur Forschung beizutragen und \u00f6ffentliche Veranstaltungen zu organisieren.<\/p><h3>Hier sind verschiedene M\u00f6glichkeiten, unsere Arbeit zu unterst\u00fctzen:<\/h3><ul><li>Ein besonderer Anlass? Eine Hochzeit ? Ein Geburtstag? Wenn Sie bereits alles haben, was Sie brauchen, k\u00f6nnen Sie einen Geldbetrag sammeln und ihn einfach auf unser Spendenkonto \u00fcberweisen.<\/li><li>\u00dcbrigens: Ihre Spende ist steuerlich absetzbar!<\/li><li>Mitglied werden: Treten Sie dem Verein bei und unterst\u00fctzen Sie ihn nachhaltig!<\/li><\/ul><p>Mit Ihrer grossz\u00fcgigen Unterst\u00fctzung tragen Sie aktiv dazu bei, dass der SVFM seine wichtige Mission weiterf\u00fchren kann. Wir danken Ihnen herzlich f\u00fcr Ihre Hilfe!<\/p><hr \/><h3>\u00a0<\/h3><h3>SFMV - Schweizerische FibroMyalgie-Vereinigung<\/h3><h5>Rue du Village 13<\/h5><h5>1424 Champagne<\/h5><h5>Schweiz<\/h5><h5>Tel. +41 77 409 92 28<\/h5><h5>info@suisse-fibromyalgie.ch<\/h5><hr \/><h2>\u00a0<\/h2><h2>Bankverbindung :<\/h2><h3>Raiffeisenbank<\/h3><p>Postfach<br \/>1401 Yverdon les Bains<br \/>CCP 10-9374-7<\/p><h5>IBAN CH09 8080 8002 7247 0355 8<\/h5>\t\t\t\t\t\t\t\t<\/div>\n\t\t\t\t<\/div>\n\t\t\t\t<div class=\"elementor-element elementor-element-00b9a31 elementor-widget elementor-widget-image\" data-id=\"00b9a31\" data-element_type=\"widget\" data-e-type=\"widget\" data-widget_type=\"image.default\">\n\t\t\t\t<div class=\"elementor-widget-container\">\n\t\t\t\t\t\t\t\t\t\t\t\t\t\t\t<img fetchpriority=\"high\" decoding=\"async\" width=\"800\" height=\"600\" src=\"https:\/\/suisse-fibromyalgie.ch\/wp-content\/uploads\/Merci-coeur-1024x768.jpg\" class=\"attachment-large size-large wp-image-8648\" alt=\"\" srcset=\"https:\/\/suisse-fibromyalgie.ch\/wp-content\/uploads\/Merci-coeur-1024x768.jpg 1024w, https:\/\/suisse-fibromyalgie.ch\/wp-content\/uploads\/Merci-coeur-300x225.jpg 300w, https:\/\/suisse-fibromyalgie.ch\/wp-content\/uploads\/Merci-coeur-768x576.jpg 768w, https:\/\/suisse-fibromyalgie.ch\/wp-content\/uploads\/Merci-coeur-16x12.jpg 16w, https:\/\/suisse-fibromyalgie.ch\/wp-content\/uploads\/Merci-coeur.jpg 1280w\" sizes=\"(max-width: 800px) 100vw, 800px\" \/>\t\t\t\t\t\t\t\t\t\t\t\t\t\t\t<\/div>\n\t\t\t\t<\/div>\n\t\t\t\t\t<\/div>\n\t\t<\/div>\n\t\t\t\t<div class=\"elementor-column elementor-col-50 elementor-top-column elementor-element elementor-element-14f0d85\" data-id=\"14f0d85\" data-element_type=\"column\" data-e-type=\"column\">\n\t\t\t<div class=\"elementor-widget-wrap elementor-element-populated\">\n\t\t\t\t\t\t<div class=\"elementor-element elementor-element-8db76a3 elementor-widget elementor-widget-text-editor\" data-id=\"8db76a3\" data-element_type=\"widget\" data-e-type=\"widget\" data-widget_type=\"text-editor.default\">\n\t\t\t\t<div class=\"elementor-widget-container\">\n\t\t\t\t\t\t\t\t\t<div id=\"rnw-solution-embed-fqvpb\" style=\"width: 100%; margin: 0 auto; max-width: 580px;\"><\/div>\n<script type=\"module\">\n  import {SolutionEmbed} from \"https:\/\/cdn.jsdelivr.net\/npm\/@raisenow\/solution-embed@1\/dist\/index.js\"\n  SolutionEmbed.render(\"#rnw-solution-embed-fqvpb\", {\n    \"url\": \"https:\/\/pay.raisenow.io\/fqvpb?lng=fr\",\n  })\n<\/script>\t\t\t\t\t\t\t\t<\/div>\n\t\t\t\t<\/div>\n\t\t\t\t\t<\/div>\n\t\t<\/div>\n\t\t\t\t\t<\/div>\n\t\t<\/section>\n\t\t\t\t<\/div>","protected":false},"excerpt":{"rendered":"<p>Votre contribution Est d&rsquo;une importance \u00e9norme pour l&rsquo;ASFM ! Il existe diff\u00e9rentes fa\u00e7ons dont vous pouvez personnellement vous engager pour soutenir l&rsquo;ASFM. Gr\u00e2ce \u00e0 votre soutien financier, vous nous permettez [&hellip;]<\/p>\n","protected":false},"author":1,"featured_media":0,"parent":0,"menu_order":0,"comment_status":"closed","ping_status":"closed","template":"","meta":{"footnotes":""},"class_list":["post-3670","page","type-page","status-publish","hentry"],"publishpress_future_action":{"enabled":false,"date":"2026-05-11 13:27:29","action":"change-status","newStatus":"draft","terms":[],"taxonomy":"","extraData":[]},"publishpress_future_workflow_manual_trigger":{"enabledWorkflows":[]},"_links":{"self":[{"href":"http:\/\/suisse-fibromyalgie.ch\/de\/wp-json\/wp\/v2\/pages\/3670","targetHints":{"allow":["GET"]}}],"collection":[{"href":"http:\/\/suisse-fibromyalgie.ch\/de\/wp-json\/wp\/v2\/pages"}],"about":[{"href":"http:\/\/suisse-fibromyalgie.ch\/de\/wp-json\/wp\/v2\/types\/page"}],"author":[{"embeddable":true,"href":"http:\/\/suisse-fibromyalgie.ch\/de\/wp-json\/wp\/v2\/users\/1"}],"replies":[{"embeddable":true,"href":"http:\/\/suisse-fibromyalgie.ch\/de\/wp-json\/wp\/v2\/comments?post=3670"}],"version-history":[{"count":21,"href":"http:\/\/suisse-fibromyalgie.ch\/de\/wp-json\/wp\/v2\/pages\/3670\/revisions"}],"predecessor-version":[{"id":8651,"href":"http:\/\/suisse-fibromyalgie.ch\/de\/wp-json\/wp\/v2\/pages\/3670\/revisions\/8651"}],"wp:attachment":[{"href":"http:\/\/suisse-fibromyalgie.ch\/de\/wp-json\/wp\/v2\/media?parent=3670"}],"curies":[{"name":"wp","href":"https:\/\/api.w.org\/{rel}","templated":true}]}}