{"id":223,"date":"2021-01-01T00:00:15","date_gmt":"2020-12-31T23:00:15","guid":{"rendered":"http:\/\/wordpress\/2013\/02\/22\/vivre-avec-la-fibromyalgie\/"},"modified":"2021-07-07T15:55:35","modified_gmt":"2021-07-07T13:55:35","slug":"vivre-avec-la-fibromyalgie","status":"publish","type":"page","link":"http:\/\/suisse-fibromyalgie.ch\/de\/vivre-avec-la-fibromyalgie\/","title":{"rendered":"Leben mit fibromyalgie"},"content":{"rendered":"<div data-elementor-type=\"wp-page\" data-elementor-id=\"223\" class=\"elementor elementor-223\" data-elementor-post-type=\"page\">\n\t\t\t\t\t\t<section class=\"elementor-section elementor-top-section elementor-element elementor-element-6f162e4 elementor-section-boxed elementor-section-height-default elementor-section-height-default\" data-id=\"6f162e4\" data-element_type=\"section\" data-e-type=\"section\">\n\t\t\t\t\t\t<div class=\"elementor-container elementor-column-gap-default\">\n\t\t\t\t\t<div class=\"elementor-column elementor-col-100 elementor-top-column elementor-element elementor-element-e0056a2\" data-id=\"e0056a2\" data-element_type=\"column\" data-e-type=\"column\">\n\t\t\t<div class=\"elementor-widget-wrap elementor-element-populated\">\n\t\t\t\t\t\t<div class=\"elementor-element elementor-element-e23990d elementor-widget elementor-widget-text-editor\" data-id=\"e23990d\" data-element_type=\"widget\" data-e-type=\"widget\" data-widget_type=\"text-editor.default\">\n\t\t\t\t<div class=\"elementor-widget-container\">\n\t\t\t\t\t\t\t\t\t<p>Sie sollten sich entsprechend anpassen und ihren Lebensstil \u00e4ndern, indem sie Ruhe- und Aktivit\u00e4tsphasen miteinander kombinieren.<\/p><p>Ihr Leben neu organisieren, um den STRESS so weit wie m\u00f6glich zu reduzieren.<\/p><p>W\u00e4rme, B\u00e4der, Stressabbau und Entspannung k\u00f6nnen die Beschwerden lindern. Es ist wichtig, die Muskeln allm\u00e4hlich wieder auf die Belastung zu trainieren.<\/p><p>Mit psychologischer Unterst\u00fctzung und\/oder sanften Therapien wie Akupunktur, Eutonie, Yoga usw. lassen sich Schmerzen und M\u00fcdigkeit lindern.<\/p><p>Das Umfeld ist eine gro\u00dfe Hilfe durch seine Haltung des Verst\u00e4ndnisses, der Toleranz und vor allem des Zuh\u00f6rens. Daher ist es wichtig, dass auch sie informiert werden.<\/p><p>Die Betroffenen m\u00fcssen mit Hilfe von \u00c4rzten und anderen Therapeuten aktiv an ihrer eigenen Behandlung mitwirken.<\/p><p>Eine Person, die verstanden wird und positiv eingestellt ist, findet schneller zu einer gewissen Lebensqualit\u00e4t zur\u00fcck.<\/p>\t\t\t\t\t\t\t\t<\/div>\n\t\t\t\t<\/div>\n\t\t\t\t\t<\/div>\n\t\t<\/div>\n\t\t\t\t\t<\/div>\n\t\t<\/section>\n\t\t\t\t<\/div>","protected":false},"excerpt":{"rendered":"<p>Il convient de s&rsquo;adapter en cons\u00e9quence, en modifiant son mode de vie, en combinant les p\u00e9riodes de repos et d&rsquo;activit\u00e9. R\u00e9organiser sa vie afin de diminuer au maximum le STRESS. [&hellip;]<\/p>\n","protected":false},"author":1,"featured_media":0,"parent":0,"menu_order":3,"comment_status":"open","ping_status":"closed","template":"","meta":{"footnotes":""},"class_list":["post-223","page","type-page","status-publish","hentry"],"publishpress_future_action":{"enabled":false,"date":"2026-04-24 11:59:30","action":"change-status","newStatus":"draft","terms":[],"taxonomy":"","extraData":[]},"publishpress_future_workflow_manual_trigger":{"enabledWorkflows":[]},"_links":{"self":[{"href":"http:\/\/suisse-fibromyalgie.ch\/de\/wp-json\/wp\/v2\/pages\/223","targetHints":{"allow":["GET"]}}],"collection":[{"href":"http:\/\/suisse-fibromyalgie.ch\/de\/wp-json\/wp\/v2\/pages"}],"about":[{"href":"http:\/\/suisse-fibromyalgie.ch\/de\/wp-json\/wp\/v2\/types\/page"}],"author":[{"embeddable":true,"href":"http:\/\/suisse-fibromyalgie.ch\/de\/wp-json\/wp\/v2\/users\/1"}],"replies":[{"embeddable":true,"href":"http:\/\/suisse-fibromyalgie.ch\/de\/wp-json\/wp\/v2\/comments?post=223"}],"version-history":[{"count":0,"href":"http:\/\/suisse-fibromyalgie.ch\/de\/wp-json\/wp\/v2\/pages\/223\/revisions"}],"wp:attachment":[{"href":"http:\/\/suisse-fibromyalgie.ch\/de\/wp-json\/wp\/v2\/media?parent=223"}],"curies":[{"name":"wp","href":"https:\/\/api.w.org\/{rel}","templated":true}]}}